{"id":997,"date":"2021-07-31T13:38:28","date_gmt":"2021-07-31T18:38:28","guid":{"rendered":"https:\/\/efructifera.com\/es\/?page_id=997"},"modified":"2021-09-07T14:48:00","modified_gmt":"2021-09-07T19:48:00","slug":"uvillas","status":"publish","type":"page","link":"https:\/\/efructifera.com\/es\/uvillas\/","title":{"rendered":"UVILLA"},"content":{"rendered":"\t<section class=\"section\" id=\"section_1107170183\">\n\t\t<div class=\"bg section-bg fill bg-fill  bg-loaded\" >\n\n\t\t\t\n\t\t\t\n\t\t\t\n\n\t\t<\/div>\n\n\t\t<div class=\"section-content relative\">\n\t\t\t\n<div class=\"row align-equal\"  id=\"row-282253448\">\n\n\t<div id=\"col-159633195\" class=\"col medium-7 small-12 large-7\"  >\n\t\t<div class=\"col-inner\"  >\n\t\t\t\n\t\t\t\n<div class=\"row\"  id=\"row-2131270155\">\n\n\t<div id=\"col-1159353815\" class=\"col small-12 large-12\"  >\n\t\t<div class=\"col-inner\"  >\n\t\t\t\n\t\t\t\n\t<div id=\"text-2806809402\" class=\"text mbzero\">\n\t\t\n<h1>UVILLAS<\/h1>\n\t\t\n<style>\n#text-2806809402 {\n  font-size: 1.5rem;\n  text-align: left;\n  color: #7a9c59;\n}\n#text-2806809402 > * {\n  color: #7a9c59;\n}\n<\/style>\n\t<\/div>\n\t\n<div class=\"is-divider divider clearfix\" style=\"margin-top:0.3em;margin-bottom:0.3em;\"><\/div>\n<div class=\"slider-wrapper relative\" id=\"slider-1182600709\" >\n    <div class=\"slider slider-type-fade slider-nav-dots-dashes-spaced slider-nav-simple slider-nav-normal slider-nav-dark slider-nav-outside slider-style-normal\"\n        data-flickity-options='{\n            \"cellAlign\": \"center\",\n            \"imagesLoaded\": true,\n            \"lazyLoad\": 1,\n            \"freeScroll\": false,\n            \"wrapAround\": true,\n            \"autoPlay\": 4000,\n            \"pauseAutoPlayOnHover\" : true,\n            \"prevNextButtons\": true,\n            \"contain\" : true,\n            \"adaptiveHeight\" : true,\n            \"dragThreshold\" : 10,\n            \"percentPosition\": true,\n            \"pageDots\": true,\n            \"rightToLeft\": false,\n            \"draggable\": true,\n            \"selectedAttraction\": 0.1,\n            \"parallax\" : 0,\n            \"friction\": 0.6        }'\n        >\n        \n\t<div class=\"img has-hover x md-x lg-x y md-y lg-y\" id=\"image_1602165209\">\n\t\t\t\t\t\t\t\t<div class=\"img-inner dark\" >\n\t\t\t<img loading=\"lazy\" decoding=\"async\" width=\"600\" height=\"338\" src=\"https:\/\/efructifera.com\/es\/wp-content\/uploads\/2021\/09\/golden-berry.jpg\" class=\"attachment-original size-original\" alt=\"\" srcset=\"https:\/\/efructifera.com\/es\/wp-content\/uploads\/2021\/09\/golden-berry.jpg 600w, https:\/\/efructifera.com\/es\/wp-content\/uploads\/2021\/09\/golden-berry-400x225.jpg 400w\" sizes=\"auto, (max-width: 600px) 100vw, 600px\" \/>\t\t\t\t\t\t\n\t\t\t\t\t<\/div>\n\t\t\t\t\t\t\t\t\n<style>\n#image_1602165209 {\n  width: 100%;\n}\n<\/style>\n\t<\/div>\n\t\n\t<div class=\"img has-hover x md-x lg-x y md-y lg-y\" id=\"image_1458004510\">\n\t\t\t\t\t\t\t\t<div class=\"img-inner dark\" >\n\t\t\t<img loading=\"lazy\" decoding=\"async\" width=\"600\" height=\"338\" src=\"https:\/\/efructifera.com\/es\/wp-content\/uploads\/2021\/09\/golden-berry2.jpg\" class=\"attachment-large size-large\" alt=\"\" srcset=\"https:\/\/efructifera.com\/es\/wp-content\/uploads\/2021\/09\/golden-berry2.jpg 600w, https:\/\/efructifera.com\/es\/wp-content\/uploads\/2021\/09\/golden-berry2-400x225.jpg 400w\" sizes=\"auto, (max-width: 600px) 100vw, 600px\" \/>\t\t\t\t\t\t\n\t\t\t\t\t<\/div>\n\t\t\t\t\t\t\t\t\n<style>\n#image_1458004510 {\n  width: 100%;\n}\n<\/style>\n\t<\/div>\n\t\n\t<div class=\"img has-hover x md-x lg-x y md-y lg-y\" id=\"image_750744400\">\n\t\t\t\t\t\t\t\t<div class=\"img-inner dark\" >\n\t\t\t<img loading=\"lazy\" decoding=\"async\" width=\"600\" height=\"338\" src=\"https:\/\/efructifera.com\/es\/wp-content\/uploads\/2021\/09\/golden-berry3.jpg\" class=\"attachment-large size-large\" alt=\"\" srcset=\"https:\/\/efructifera.com\/es\/wp-content\/uploads\/2021\/09\/golden-berry3.jpg 600w, https:\/\/efructifera.com\/es\/wp-content\/uploads\/2021\/09\/golden-berry3-400x225.jpg 400w\" sizes=\"auto, (max-width: 600px) 100vw, 600px\" \/>\t\t\t\t\t\t\n\t\t\t\t\t<\/div>\n\t\t\t\t\t\t\t\t\n<style>\n#image_750744400 {\n  width: 100%;\n}\n<\/style>\n\t<\/div>\n\t\n     <\/div>\n\n     <div class=\"loading-spin dark large centered\"><\/div>\n\n     \t<\/div>\n\n\n\t<div id=\"gap-762795439\" class=\"gap-element clearfix\" style=\"display:block; height:auto;\">\n\t\t\n<style>\n#gap-762795439 {\n  padding-top: 30px;\n}\n<\/style>\n\t<\/div>\n\t\n\t<div id=\"text-2060903988\" class=\"text justificar\">\n\t\t\n<p>La uvilla es una fruta silvestre de Per\u00fa. Tambi\u00e9n se le conoce como aguaymanto o la baya de los Andes. Crece en un clima templado entre 8 y 20 grados cent\u00edgrados y a una altitud de 100 a 3500 metros sobre el nivel del mar. Son ricas en vitamina C, A, B2 y B6. Ayuda a regular el nivel de az\u00facar en diab\u00e9ticos y act\u00faa como diur\u00e9tico. Es una fruta reconocida como super alimento.<br \/>\n\t\t\t<\/div>\n\t\n\t\t<\/div>\n\t\t\t<\/div>\n\n\t\n<\/div>\n<div class=\"row align-center\"  id=\"row-874892200\">\n\n\t<div id=\"col-1843512846\" class=\"col small-12 large-12\"  >\n\t\t<div class=\"col-inner text-center\"  >\n\t\t\t\n\t\t\t\n\t<div id=\"text-3087125287\" class=\"text\">\n\t\t\n<h4 style=\"text-align: center;\">Nuestras marcas<\/h4>\n\t\t\n<style>\n#text-3087125287 {\n  font-size: 1.75rem;\n  color: rgb(122, 156, 89);\n}\n#text-3087125287 > * {\n  color: rgb(122, 156, 89);\n}\n<\/style>\n\t<\/div>\n\t\n<div class=\"text-center\"><div class=\"is-divider divider clearfix\" style=\"margin-top:0.3em;margin-bottom:0.3em;max-width:100px;background-color:rgb(206, 206, 206);\"><\/div><\/div>\n\t\t<\/div>\n\t\t\t<\/div>\n\n\t\n<\/div>\n<div class=\"row\"  id=\"row-753155859\">\n\n\t<div id=\"col-728408053\" class=\"col small-12 large-12\"  >\n\t\t<div class=\"col-inner text-center\"  >\n\t\t\t\n\t\t\t\n<div class=\"ux-logo has-hover align-middle ux_logo inline-block\" style=\"max-width: 100%!important; width: 249.38461538462px!important\"><div class=\"ux-logo-link block image-\" title=\"\"  href=\"\" style=\"padding: 15px;\"><img decoding=\"async\" src=\"https:\/\/efructifera.com\/es\/wp-content\/uploads\/2021\/09\/logoEF-products.svg\" title=\"\" alt=\"\" class=\"ux-logo-image block\" style=\"height:92px;\" \/><\/div><\/div>\n<div class=\"is-divider divider clearfix\" style=\"margin-top:0.4em;margin-bottom:0.4em;max-width:100%;height:1px;\"><\/div>\n<p class=\"mbzero\" style=\"text-align: center;\"><strong>Clase:<\/strong> \u00abA\u00bb Premium<\/p>\n<div class=\"is-divider divider clearfix\" style=\"margin-top:0.4em;margin-bottom:0.4em;max-width:100%;height:1px;\"><\/div>\n<p class=\"mbzero\" style=\"text-align: center;\"><strong>Presentaci\u00f3n:<\/strong>\u00a0 Cajas de pl\u00e1stico en bandejas de cart\u00f3n ondulado<\/p>\n\t\t<\/div>\n\t\t\t<\/div>\n\n\t\n<\/div>\n\t<div id=\"text-3042953119\" class=\"text\">\n\t\t\n\t\t\n<style>\n#text-3042953119 {\n  font-size: 1.5rem;\n  line-height: 1.5;\n  text-align: center;\n  color: #7a9c59;\n}\n#text-3042953119 > * {\n  color: #7a9c59;\n}\n<\/style>\n\t<\/div>\n\t\n\t\t<\/div>\n\t\t\t<\/div>\n\n\t\n\n\t<div id=\"col-1447376048\" class=\"col medium-5 small-12 large-5\"  >\n\t\t<div class=\"col-inner\" style=\"background-color:rgb(250, 248, 245);\" >\n\t\t\t\n\t<div class=\"is-border\"\n\t\tstyle=\"border-color:rgba(239, 234, 226, 0.419);border-width:1px 1px 1px 1;margin:0px 0px 0 0px;\">\n\t<\/div>\n\t\t\t\n<div class=\"row\"  id=\"row-267538612\">\n\n\t<div id=\"col-1312894937\" class=\"col small-12 large-12\"  >\n\t\t<div class=\"col-inner\"  >\n\t\t\t\n\t\t\t\n\t<div id=\"text-1781063991\" class=\"text mbzero\">\n\t\t\n<h4>Especificaciones<\/h4>\n\t\t\n<style>\n#text-1781063991 {\n  font-size: 1rem;\n  color: #89c161;\n}\n#text-1781063991 > * {\n  color: #89c161;\n}\n<\/style>\n\t<\/div>\n\t\n<div class=\"is-divider divider clearfix\" style=\"margin-top:0.3em;margin-bottom:0.3em;\"><\/div>\n\t<div id=\"gap-1750107067\" class=\"gap-element clearfix\" style=\"display:block; height:auto;\">\n\t\t\n<style>\n#gap-1750107067 {\n  padding-top: 12px;\n}\n<\/style>\n\t<\/div>\n\t\n\t<div id=\"text-1783023446\" class=\"text\">\n\t\t\n<ul class=\"alt-font\">\n<li><strong>Nombre cient\u00edfico:<\/strong> Physalis peruviana<\/li>\n<li><strong>Origen:<\/strong> Ecuador\u00a0<\/li>\n<li><strong>Transporte:<\/strong> A\u00e9reo<\/li>\n<li><strong>Presentaci\u00f3n:<\/strong> Cajas de pl\u00e1stico en bandejas de cart\u00f3n ondulado<\/li>\n<li><strong>Peso neto: <\/strong>3.6 kg por bandeja \/ 300 gr por caja de pl\u00e1stico<\/li>\n<li><strong>Cajas de pl\u00e1stico \/ bandeja:<\/strong> 12<\/li>\n<li><strong>Bandejas \/ pallet:\u00a0<\/strong> 100\u00a0<\/li>\n<li><strong>Caja de pl\u00e1stico\u00a0 \/ pallet:<\/strong> 1200<\/li>\n<li><strong>Bandejas \/ contenedor:<\/strong> 1800\u00a0<\/li>\n<\/ul>\n\t\t\n<style>\n#text-1783023446 {\n  font-size: 1rem;\n  line-height: 1;\n  text-align: left;\n}\n<\/style>\n\t<\/div>\n\t\n\t<div id=\"gap-2083901782\" class=\"gap-element clearfix\" style=\"display:block; height:auto;\">\n\t\t\n<style>\n#gap-2083901782 {\n  padding-top: 30px;\n}\n<\/style>\n\t<\/div>\n\t\n\t<div id=\"text-2603212352\" class=\"text mbzero\">\n\t\t\n<h4>Temporada<\/h4>\n\t\t\n<style>\n#text-2603212352 {\n  font-size: 1rem;\n  color: #89c161;\n}\n#text-2603212352 > * {\n  color: #89c161;\n}\n<\/style>\n\t<\/div>\n\t\n<div class=\"is-divider divider clearfix\" style=\"margin-top:0.3em;margin-bottom:0.3em;\"><\/div>\n<p>Todo el a\u00f1o<\/p>\n\t<div id=\"gap-288581302\" class=\"gap-element clearfix\" style=\"display:block; height:auto;\">\n\t\t\n<style>\n#gap-288581302 {\n  padding-top: 30px;\n}\n<\/style>\n\t<\/div>\n\t\n\t<div id=\"text-3743412198\" class=\"text mbzero\">\n\t\t\n<h4>Pa\u00edses de destino<\/h4>\n\t\t\n<style>\n#text-3743412198 {\n  font-size: 1rem;\n  color: #89c161;\n}\n#text-3743412198 > * {\n  color: #89c161;\n}\n<\/style>\n\t<\/div>\n\t\n<div class=\"is-divider divider clearfix\" style=\"margin-top:0.3em;margin-bottom:0.3em;\"><\/div>\n<p>EE.UU., Europa y Rusia<\/p>\n\t<div id=\"gap-272792018\" class=\"gap-element clearfix\" style=\"display:block; height:auto;\">\n\t\t\n<style>\n#gap-272792018 {\n  padding-top: 30px;\n}\n<\/style>\n\t<\/div>\n\t\n\t<div id=\"text-219224219\" class=\"text mbzero\">\n\t\t\n<h4>Certificaciones<\/h4>\n\t\t\n<style>\n#text-219224219 {\n  font-size: 1rem;\n  color: #89c161;\n}\n#text-219224219 > * {\n  color: #89c161;\n}\n<\/style>\n\t<\/div>\n\t\n<div class=\"is-divider divider clearfix\" style=\"margin-top:0.3em;margin-bottom:0.3em;\"><\/div>\n\t<div id=\"gap-1598709629\" class=\"gap-element clearfix\" style=\"display:block; height:auto;\">\n\t\t\n<style>\n#gap-1598709629 {\n  padding-top: 30px;\n}\n<\/style>\n\t<\/div>\n\t\n<div class=\"row row-collapse align-center\"  id=\"row-1766306503\">\n\n\t<div id=\"col-1826381866\" class=\"col medium-6 small-12 large-6\"  >\n\t\t<div class=\"col-inner text-left\"  >\n\t\t\t\n\t\t\t\n<div class=\"ux-logo has-hover align-middle ux_logo inline-block\" style=\"max-width: 100%!important; width: 197.04px!important\"><div class=\"ux-logo-link block image-\" title=\"\"  href=\"\" style=\"padding: 15px;\"><img decoding=\"async\" src=\"https:\/\/efructifera.com\/es\/wp-content\/uploads\/2021\/05\/globalgap.png\" title=\"\" alt=\"\" class=\"ux-logo-image block\" style=\"height:72px;\" \/><\/div><\/div>\n\t\t<\/div>\n\t\t\t<\/div>\n\n\t\n\n\t<div id=\"col-71485111\" class=\"col medium-6 small-12 large-6\"  >\n\t\t<div class=\"col-inner\"  >\n\t\t\t\n\t\t\t\n<div class=\"ux-logo has-hover align-middle ux_logo inline-block\" style=\"max-width: 100%!important; width: 200.6301369863px!important\"><div class=\"ux-logo-link block image-\" title=\"\"  href=\"\" style=\"padding: 15px;\"><img decoding=\"async\" src=\"https:\/\/efructifera.com\/es\/wp-content\/uploads\/2021\/08\/BPA-Ecuador.png\" title=\"\" alt=\"\" class=\"ux-logo-image block\" style=\"height:72px;\" \/><\/div><\/div>\n\t\t<\/div>\n\t\t\t<\/div>\n\n\t\n<\/div>\n\t\t<\/div>\n\t\t\n<style>\n#col-1312894937 > .col-inner {\n  padding: 0px 0px 0 0px;\n}\n<\/style>\n\t<\/div>\n\n\t\n\n<style>\n#row-267538612 > .col > .col-inner {\n  padding: 30px 30px 25px 30px;\n}\n<\/style>\n<\/div>\n\t\t<\/div>\n\t\t\n<style>\n#col-1447376048 > .col-inner {\n  padding: 0px 0px 0 0px;\n  margin: 0px 0px 0 0px;\n}\n<\/style>\n\t<\/div>\n\n\t\n\n<style>\n#row-282253448 > .col > .col-inner {\n  padding: 0px 0px 0 0px;\n}\n<\/style>\n<\/div>\n\t\t<\/div>\n\n\t\t\n<style>\n#section_1107170183 {\n  padding-top: 79px;\n  padding-bottom: 79px;\n}\n<\/style>\n\t<\/section>\n\t\n","protected":false},"excerpt":{"rendered":"","protected":false},"author":1,"featured_media":0,"parent":0,"menu_order":0,"comment_status":"closed","ping_status":"closed","template":"page-blank.php","meta":{"ngg_post_thumbnail":0,"footnotes":""},"class_list":["post-997","page","type-page","status-publish","hentry"],"jetpack_sharing_enabled":true,"_links":{"self":[{"href":"https:\/\/efructifera.com\/es\/wp-json\/wp\/v2\/pages\/997","targetHints":{"allow":["GET"]}}],"collection":[{"href":"https:\/\/efructifera.com\/es\/wp-json\/wp\/v2\/pages"}],"about":[{"href":"https:\/\/efructifera.com\/es\/wp-json\/wp\/v2\/types\/page"}],"author":[{"embeddable":true,"href":"https:\/\/efructifera.com\/es\/wp-json\/wp\/v2\/users\/1"}],"replies":[{"embeddable":true,"href":"https:\/\/efructifera.com\/es\/wp-json\/wp\/v2\/comments?post=997"}],"version-history":[{"count":3,"href":"https:\/\/efructifera.com\/es\/wp-json\/wp\/v2\/pages\/997\/revisions"}],"predecessor-version":[{"id":1381,"href":"https:\/\/efructifera.com\/es\/wp-json\/wp\/v2\/pages\/997\/revisions\/1381"}],"wp:attachment":[{"href":"https:\/\/efructifera.com\/es\/wp-json\/wp\/v2\/media?parent=997"}],"curies":[{"name":"wp","href":"https:\/\/api.w.org\/{rel}","templated":true}]}}