{"id":984,"date":"2021-07-31T11:29:29","date_gmt":"2021-07-31T16:29:29","guid":{"rendered":"https:\/\/efructifera.com\/es\/?page_id=984"},"modified":"2021-09-07T18:51:36","modified_gmt":"2021-09-07T23:51:36","slug":"jengibre","status":"publish","type":"page","link":"https:\/\/efructifera.com\/es\/jengibre\/","title":{"rendered":"JENGIBRE"},"content":{"rendered":"\t<section class=\"section\" id=\"section_436876945\">\n\t\t<div class=\"bg section-bg fill bg-fill  bg-loaded\" >\n\n\t\t\t\n\t\t\t\n\t\t\t\n\n\t\t<\/div>\n\n\t\t<div class=\"section-content relative\">\n\t\t\t\n<div class=\"row align-equal\"  id=\"row-759040432\">\n\n\t<div id=\"col-2062339627\" class=\"col medium-7 small-12 large-7\"  >\n\t\t<div class=\"col-inner\"  >\n\t\t\t\n\t\t\t\n<div class=\"row\"  id=\"row-1616362818\">\n\n\t<div id=\"col-1823627367\" class=\"col small-12 large-12\"  >\n\t\t<div class=\"col-inner\"  >\n\t\t\t\n\t\t\t\n\t<div id=\"text-1511648834\" class=\"text mbzero\">\n\t\t\n<h1>JENGIBRE <\/h1>\n\t\t\n<style>\n#text-1511648834 {\n  font-size: 1.5rem;\n  text-align: left;\n  color: #7a9c59;\n}\n#text-1511648834 > * {\n  color: #7a9c59;\n}\n<\/style>\n\t<\/div>\n\t\n<div class=\"is-divider divider clearfix\" style=\"margin-top:0.3em;margin-bottom:0.3em;\"><\/div>\n<div class=\"slider-wrapper relative\" id=\"slider-1149111111\" >\n    <div class=\"slider slider-type-fade slider-nav-dots-dashes-spaced slider-nav-simple slider-nav-normal slider-nav-dark slider-nav-outside slider-style-normal\"\n        data-flickity-options='{\n            \"cellAlign\": \"center\",\n            \"imagesLoaded\": true,\n            \"lazyLoad\": 1,\n            \"freeScroll\": false,\n            \"wrapAround\": true,\n            \"autoPlay\": 4000,\n            \"pauseAutoPlayOnHover\" : true,\n            \"prevNextButtons\": true,\n            \"contain\" : true,\n            \"adaptiveHeight\" : true,\n            \"dragThreshold\" : 10,\n            \"percentPosition\": true,\n            \"pageDots\": true,\n            \"rightToLeft\": false,\n            \"draggable\": true,\n            \"selectedAttraction\": 0.1,\n            \"parallax\" : 0,\n            \"friction\": 0.6        }'\n        >\n        \n\t<div class=\"img has-hover x md-x lg-x y md-y lg-y\" id=\"image_696559116\">\n\t\t\t\t\t\t\t\t<div class=\"img-inner dark\" >\n\t\t\t<img loading=\"lazy\" decoding=\"async\" width=\"800\" height=\"450\" src=\"https:\/\/efructifera.com\/es\/wp-content\/uploads\/2021\/09\/ginger.jpg\" class=\"attachment-original size-original\" alt=\"\" srcset=\"https:\/\/efructifera.com\/es\/wp-content\/uploads\/2021\/09\/ginger.jpg 800w, https:\/\/efructifera.com\/es\/wp-content\/uploads\/2021\/09\/ginger-400x225.jpg 400w, https:\/\/efructifera.com\/es\/wp-content\/uploads\/2021\/09\/ginger-768x432.jpg 768w\" sizes=\"auto, (max-width: 800px) 100vw, 800px\" \/>\t\t\t\t\t\t\n\t\t\t\t\t<\/div>\n\t\t\t\t\t\t\t\t\n<style>\n#image_696559116 {\n  width: 100%;\n}\n<\/style>\n\t<\/div>\n\t\n\t<div class=\"img has-hover x md-x lg-x y md-y lg-y\" id=\"image_94174607\">\n\t\t\t\t\t\t\t\t<div class=\"img-inner dark\" >\n\t\t\t<img loading=\"lazy\" decoding=\"async\" width=\"800\" height=\"450\" src=\"https:\/\/efructifera.com\/es\/wp-content\/uploads\/2021\/09\/ginger2.jpg\" class=\"attachment-large size-large\" alt=\"\" srcset=\"https:\/\/efructifera.com\/es\/wp-content\/uploads\/2021\/09\/ginger2.jpg 800w, https:\/\/efructifera.com\/es\/wp-content\/uploads\/2021\/09\/ginger2-400x225.jpg 400w, https:\/\/efructifera.com\/es\/wp-content\/uploads\/2021\/09\/ginger2-768x432.jpg 768w\" sizes=\"auto, (max-width: 800px) 100vw, 800px\" \/>\t\t\t\t\t\t\n\t\t\t\t\t<\/div>\n\t\t\t\t\t\t\t\t\n<style>\n#image_94174607 {\n  width: 100%;\n}\n<\/style>\n\t<\/div>\n\t\n\t<div class=\"img has-hover x md-x lg-x y md-y lg-y\" id=\"image_1254082636\">\n\t\t\t\t\t\t\t\t<div class=\"img-inner dark\" >\n\t\t\t<img loading=\"lazy\" decoding=\"async\" width=\"800\" height=\"450\" src=\"https:\/\/efructifera.com\/es\/wp-content\/uploads\/2021\/09\/ginger3.jpg\" class=\"attachment-large size-large\" alt=\"\" srcset=\"https:\/\/efructifera.com\/es\/wp-content\/uploads\/2021\/09\/ginger3.jpg 800w, https:\/\/efructifera.com\/es\/wp-content\/uploads\/2021\/09\/ginger3-400x225.jpg 400w, https:\/\/efructifera.com\/es\/wp-content\/uploads\/2021\/09\/ginger3-768x432.jpg 768w\" sizes=\"auto, (max-width: 800px) 100vw, 800px\" \/>\t\t\t\t\t\t\n\t\t\t\t\t<\/div>\n\t\t\t\t\t\t\t\t\n<style>\n#image_1254082636 {\n  width: 100%;\n}\n<\/style>\n\t<\/div>\n\t\n     <\/div>\n\n     <div class=\"loading-spin dark large centered\"><\/div>\n\n     \t<\/div>\n\n\n\t<div id=\"gap-168672560\" class=\"gap-element clearfix\" style=\"display:block; height:auto;\">\n\t\t\n<style>\n#gap-168672560 {\n  padding-top: 30px;\n}\n<\/style>\n\t<\/div>\n\t\n\t<div id=\"text-2405163549\" class=\"text justificar\">\n\t\t\n<p>El jengibre tambi\u00e9n se conoce como Kion. Es una ra\u00edz medicinal con muchos beneficios para la salud, tambi\u00e9n se utiliza como condimento alimentario. El jengibre tiene propiedades antiinflamatorias y es especialmente beneficioso en el tratamiento de problemas respiratorios. Esta ra\u00edz crece en la zona de la selva central del Per\u00fa. Contiene altos niveles de Vitamina C, B2, B3, Hierro, F\u00f3sforo y Calcio.<\/p>\n<p>\u00a0<\/p>\n\t\t\t<\/div>\n\t\n\t\t<\/div>\n\t\t\t<\/div>\n\n\t\n<\/div>\n<div class=\"row align-center\"  id=\"row-1832256129\">\n\n\t<div id=\"col-1323225759\" class=\"col small-12 large-12\"  >\n\t\t<div class=\"col-inner text-center\"  >\n\t\t\t\n\t\t\t\n\t<div id=\"text-2223580555\" class=\"text\">\n\t\t\n<h4 style=\"text-align: center;\">Nuestra marca<\/h4>\n\t\t\n<style>\n#text-2223580555 {\n  font-size: 1.75rem;\n  color: rgb(122, 156, 89);\n}\n#text-2223580555 > * {\n  color: rgb(122, 156, 89);\n}\n<\/style>\n\t<\/div>\n\t\n<div class=\"text-center\"><div class=\"is-divider divider clearfix\" style=\"margin-top:0.3em;margin-bottom:0.3em;max-width:100px;background-color:rgb(206, 206, 206);\"><\/div><\/div>\n<div class=\"row\"  id=\"row-133022190\">\n\n\t<div id=\"col-1878560964\" class=\"col small-12 large-12\"  >\n\t\t<div class=\"col-inner text-center\"  >\n\t\t\t\n\t\t\t\n<div class=\"ux-logo has-hover align-middle ux_logo inline-block\" style=\"max-width: 100%!important; width: 249.38461538462px!important\"><div class=\"ux-logo-link block image-\" title=\"\"  href=\"\" style=\"padding: 15px;\"><img decoding=\"async\" src=\"https:\/\/efructifera.com\/es\/wp-content\/uploads\/2021\/09\/logoEF-products.svg\" title=\"\" alt=\"\" class=\"ux-logo-image block\" style=\"height:92px;\" \/><\/div><\/div>\n<div class=\"is-divider divider clearfix\" style=\"margin-top:0.4em;margin-bottom:0.4em;max-width:100%;height:1px;\"><\/div>\n<p class=\"mbzero\" style=\"text-align: center;\"><strong>Variety:<\/strong> Organico y no organico<\/p>\n<div class=\"is-divider divider clearfix\" style=\"margin-top:0.4em;margin-bottom:0.4em;max-width:100%;height:1px;\"><\/div>\n<p class=\"mbzero\" style=\"text-align: center;\"><strong>Class:<\/strong> \u00abA\u00bb Premium<\/p>\n<div class=\"is-divider divider clearfix\" style=\"margin-top:0.4em;margin-bottom:0.4em;max-width:100%;height:1px;\"><\/div>\n<p class=\"mbzero\" style=\"text-align: center;\"><strong>Presentation and packaging:<\/strong>\u00a0 Cardboard boxes 13.6 kg<\/p>\n\t\t<\/div>\n\t\t\t<\/div>\n\n\t\n<\/div>\n\t\t<\/div>\n\t\t\t<\/div>\n\n\t\n<\/div>\n\t<div id=\"text-3201739615\" class=\"text\">\n\t\t\n\t\t\n<style>\n#text-3201739615 {\n  font-size: 1.5rem;\n  line-height: 1.5;\n  text-align: center;\n  color: #7a9c59;\n}\n#text-3201739615 > * {\n  color: #7a9c59;\n}\n<\/style>\n\t<\/div>\n\t\n\t\t<\/div>\n\t\t\t<\/div>\n\n\t\n\n\t<div id=\"col-204814954\" class=\"col medium-5 small-12 large-5\"  >\n\t\t<div class=\"col-inner\" style=\"background-color:rgb(250, 248, 245);\" >\n\t\t\t\n\t<div class=\"is-border\"\n\t\tstyle=\"border-color:rgba(239, 234, 226, 0.419);border-width:1px 1px 1px 1;margin:0px 0px 0 0px;\">\n\t<\/div>\n\t\t\t\n<div class=\"row\"  id=\"row-1526164827\">\n\n\t<div id=\"col-458085957\" class=\"col small-12 large-12\"  >\n\t\t<div class=\"col-inner\"  >\n\t\t\t\n\t\t\t\n\t<div id=\"text-3528611842\" class=\"text mbzero\">\n\t\t\n<h4>Especificaciones<\/h4>\n\t\t\n<style>\n#text-3528611842 {\n  font-size: 1rem;\n  color: #89c161;\n}\n#text-3528611842 > * {\n  color: #89c161;\n}\n<\/style>\n\t<\/div>\n\t\n<div class=\"is-divider divider clearfix\" style=\"margin-top:0.3em;margin-bottom:0.3em;\"><\/div>\n\t<div id=\"gap-1445338509\" class=\"gap-element clearfix\" style=\"display:block; height:auto;\">\n\t\t\n<style>\n#gap-1445338509 {\n  padding-top: 12px;\n}\n<\/style>\n\t<\/div>\n\t\n\t<div id=\"text-1664352108\" class=\"text\">\n\t\t\n<ul class=\"alt-font\">\n<li><strong>Nombre Cient\u00edfico:<\/strong> Zingiber officinale<\/li>\n<li><strong>Origen:<\/strong> Per\u00fa<\/li>\n<li><strong>Transportate:<\/strong> Mar\u00edtimo<\/li>\n<li><strong>Presentaci\u00f3n:<\/strong> Cajas de cart\u00f3n corrugado.<\/li>\n<li><strong>Calibres:<\/strong> 100-150g \/ 150-200g \/ 200-250g \/ 250g<\/li>\n<li><strong>Peso Neto:<\/strong> 13.6 kg por caja<\/li>\n<li><strong>Cajas \/ Pallet:\u00a0<\/strong> 72<\/li>\n<li><strong>Pallets \/ contenedor:<\/strong> 20<\/li>\n<li><strong>Cajas \/ contenedor:<\/strong> 1440<\/li>\n<\/ul>\n\t\t\n<style>\n#text-1664352108 {\n  font-size: 1rem;\n  line-height: 1;\n  text-align: left;\n}\n<\/style>\n\t<\/div>\n\t\n\t<div id=\"gap-1560389152\" class=\"gap-element clearfix\" style=\"display:block; height:auto;\">\n\t\t\n<style>\n#gap-1560389152 {\n  padding-top: 30px;\n}\n<\/style>\n\t<\/div>\n\t\n\t<div id=\"text-2198886295\" class=\"text mbzero\">\n\t\t\n<h4>Temporada<\/h4>\n\t\t\n<style>\n#text-2198886295 {\n  font-size: 1rem;\n  color: #89c161;\n}\n#text-2198886295 > * {\n  color: #89c161;\n}\n<\/style>\n\t<\/div>\n\t\n<div class=\"is-divider divider clearfix\" style=\"margin-top:0.3em;margin-bottom:0.3em;\"><\/div>\n<p>Junio-febrero<\/p>\n\t<div id=\"gap-1542701214\" class=\"gap-element clearfix\" style=\"display:block; height:auto;\">\n\t\t\n<style>\n#gap-1542701214 {\n  padding-top: 30px;\n}\n<\/style>\n\t<\/div>\n\t\n\t<div id=\"text-3191977159\" class=\"text mbzero\">\n\t\t\n<h4>Pa\u00edses de destino<\/h4>\n\t\t\n<style>\n#text-3191977159 {\n  font-size: 1rem;\n  color: #89c161;\n}\n#text-3191977159 > * {\n  color: #89c161;\n}\n<\/style>\n\t<\/div>\n\t\n<div class=\"is-divider divider clearfix\" style=\"margin-top:0.3em;margin-bottom:0.3em;\"><\/div>\n<p>Estados Unidos, Ucrania y Europa<\/p>\n\t<div id=\"gap-1256892549\" class=\"gap-element clearfix\" style=\"display:block; height:auto;\">\n\t\t\n<style>\n#gap-1256892549 {\n  padding-top: 30px;\n}\n<\/style>\n\t<\/div>\n\t\n\t<div id=\"text-868855487\" class=\"text mbzero\">\n\t\t\n<h4>Nuestra marca<\/h4>\n\t\t\n<style>\n#text-868855487 {\n  font-size: 1rem;\n  color: #89c161;\n}\n#text-868855487 > * {\n  color: #89c161;\n}\n<\/style>\n\t<\/div>\n\t\n<div class=\"is-divider divider clearfix\" style=\"margin-top:0.3em;margin-bottom:0.3em;\"><\/div>\n<p>Earthfructifera<\/p>\n\t<div id=\"gap-1926656827\" class=\"gap-element clearfix\" style=\"display:block; height:auto;\">\n\t\t\n<style>\n#gap-1926656827 {\n  padding-top: 30px;\n}\n<\/style>\n\t<\/div>\n\t\n\t<div id=\"text-2624793839\" class=\"text mbzero\">\n\t\t\n<h4>Certificados<\/h4>\n\t\t\n<style>\n#text-2624793839 {\n  font-size: 1rem;\n  color: #89c161;\n}\n#text-2624793839 > * {\n  color: #89c161;\n}\n<\/style>\n\t<\/div>\n\t\n<div class=\"is-divider divider clearfix\" style=\"margin-top:0.3em;margin-bottom:0.3em;\"><\/div>\n\t<div id=\"gap-166787374\" class=\"gap-element clearfix\" style=\"display:block; height:auto;\">\n\t\t\n<style>\n#gap-166787374 {\n  padding-top: 30px;\n}\n<\/style>\n\t<\/div>\n\t\n<div class=\"row\"  id=\"row-880306621\">\n\n\t<div id=\"col-649485979\" class=\"col small-12 large-12\"  >\n\t\t<div class=\"col-inner text-left\"  >\n\t\t\t\n\t\t\t\n<div class=\"ux-logo has-hover align-middle ux_logo inline-block\" style=\"max-width: 100%!important; width: 102px!important\"><div class=\"ux-logo-link block image-\" title=\"\"  href=\"\" style=\"padding: 15px;\"><img decoding=\"async\" src=\"https:\/\/efructifera.com\/es\/wp-content\/uploads\/2021\/05\/ue-organic.png\" title=\"\" alt=\"\" class=\"ux-logo-image block\" style=\"height:72px;\" \/><\/div><\/div>\n<div class=\"ux-logo has-hover align-middle ux_logo inline-block\" style=\"max-width: 100%!important; width: 102px!important\"><div class=\"ux-logo-link block image-\" title=\"\"  href=\"\" style=\"padding: 15px;\"><img decoding=\"async\" src=\"https:\/\/efructifera.com\/es\/wp-content\/uploads\/2021\/05\/usda-organic.png\" title=\"\" alt=\"\" class=\"ux-logo-image block\" style=\"height:72px;\" \/><\/div><\/div>\n\t\t<\/div>\n\t\t\t<\/div>\n\n\t\n<\/div>\n\t\t<\/div>\n\t\t\n<style>\n#col-458085957 > .col-inner {\n  padding: 0px 0px 0 0px;\n}\n<\/style>\n\t<\/div>\n\n\t\n\n<style>\n#row-1526164827 > .col > .col-inner {\n  padding: 30px 30px 25px 30px;\n}\n<\/style>\n<\/div>\n\t\t<\/div>\n\t\t\n<style>\n#col-204814954 > .col-inner {\n  padding: 0px 0px 0 0px;\n  margin: 0px 0px 0 0px;\n}\n<\/style>\n\t<\/div>\n\n\t\n\n<style>\n#row-759040432 > .col > .col-inner {\n  padding: 0px 0px 0 0px;\n}\n<\/style>\n<\/div>\n\t\t<\/div>\n\n\t\t\n<style>\n#section_436876945 {\n  padding-top: 79px;\n  padding-bottom: 79px;\n}\n<\/style>\n\t<\/section>\n\t\n","protected":false},"excerpt":{"rendered":"","protected":false},"author":1,"featured_media":0,"parent":0,"menu_order":0,"comment_status":"closed","ping_status":"closed","template":"page-blank.php","meta":{"ngg_post_thumbnail":0,"footnotes":""},"class_list":["post-984","page","type-page","status-publish","hentry"],"jetpack_sharing_enabled":true,"_links":{"self":[{"href":"https:\/\/efructifera.com\/es\/wp-json\/wp\/v2\/pages\/984","targetHints":{"allow":["GET"]}}],"collection":[{"href":"https:\/\/efructifera.com\/es\/wp-json\/wp\/v2\/pages"}],"about":[{"href":"https:\/\/efructifera.com\/es\/wp-json\/wp\/v2\/types\/page"}],"author":[{"embeddable":true,"href":"https:\/\/efructifera.com\/es\/wp-json\/wp\/v2\/users\/1"}],"replies":[{"embeddable":true,"href":"https:\/\/efructifera.com\/es\/wp-json\/wp\/v2\/comments?post=984"}],"version-history":[{"count":4,"href":"https:\/\/efructifera.com\/es\/wp-json\/wp\/v2\/pages\/984\/revisions"}],"predecessor-version":[{"id":1430,"href":"https:\/\/efructifera.com\/es\/wp-json\/wp\/v2\/pages\/984\/revisions\/1430"}],"wp:attachment":[{"href":"https:\/\/efructifera.com\/es\/wp-json\/wp\/v2\/media?parent=984"}],"curies":[{"name":"wp","href":"https:\/\/api.w.org\/{rel}","templated":true}]}}