{"id":963,"date":"2021-07-31T10:15:08","date_gmt":"2021-07-31T15:15:08","guid":{"rendered":"https:\/\/efructifera.com\/es\/?page_id=963"},"modified":"2021-09-07T15:36:13","modified_gmt":"2021-09-07T20:36:13","slug":"pina","status":"publish","type":"page","link":"https:\/\/efructifera.com\/es\/pina\/","title":{"rendered":"PI\u00d1A"},"content":{"rendered":"\t<section class=\"section\" id=\"section_1776768230\">\n\t\t<div class=\"bg section-bg fill bg-fill  bg-loaded\" >\n\n\t\t\t\n\t\t\t\n\t\t\t\n\n\t\t<\/div>\n\n\t\t<div class=\"section-content relative\">\n\t\t\t\n<div class=\"row align-equal\"  id=\"row-1031305150\">\n\n\t<div id=\"col-2062388154\" class=\"col medium-7 small-12 large-7\"  >\n\t\t<div class=\"col-inner\"  >\n\t\t\t\n\t\t\t\n<div class=\"row\"  id=\"row-867700838\">\n\n\t<div id=\"col-891467605\" class=\"col small-12 large-12\"  >\n\t\t<div class=\"col-inner\"  >\n\t\t\t\n\t\t\t\n\t<div id=\"text-70275994\" class=\"text mbzero\">\n\t\t\n<h1>PI\u00d1A<\/h1>\n\t\t\n<style>\n#text-70275994 {\n  font-size: 1.5rem;\n  text-align: left;\n  color: #7a9c59;\n}\n#text-70275994 > * {\n  color: #7a9c59;\n}\n<\/style>\n\t<\/div>\n\t\n<div class=\"is-divider divider clearfix\" style=\"margin-top:0.3em;margin-bottom:0.3em;\"><\/div>\n<div class=\"slider-wrapper relative\" id=\"slider-1642078701\" >\n    <div class=\"slider slider-type-fade slider-nav-dots-dashes-spaced slider-nav-simple slider-nav-normal slider-nav-dark slider-nav-outside slider-style-normal\"\n        data-flickity-options='{\n            \"cellAlign\": \"center\",\n            \"imagesLoaded\": true,\n            \"lazyLoad\": 1,\n            \"freeScroll\": false,\n            \"wrapAround\": true,\n            \"autoPlay\": 4000,\n            \"pauseAutoPlayOnHover\" : true,\n            \"prevNextButtons\": true,\n            \"contain\" : true,\n            \"adaptiveHeight\" : true,\n            \"dragThreshold\" : 10,\n            \"percentPosition\": true,\n            \"pageDots\": true,\n            \"rightToLeft\": false,\n            \"draggable\": true,\n            \"selectedAttraction\": 0.1,\n            \"parallax\" : 0,\n            \"friction\": 0.6        }'\n        >\n        \n\t<div class=\"img has-hover x md-x lg-x y md-y lg-y\" id=\"image_1775323925\">\n\t\t\t\t\t\t\t\t<div class=\"img-inner dark\" >\n\t\t\t<img loading=\"lazy\" decoding=\"async\" width=\"800\" height=\"450\" src=\"https:\/\/efructifera.com\/es\/wp-content\/uploads\/2021\/09\/pineapple-03.jpg\" class=\"attachment-original size-original\" alt=\"\" srcset=\"https:\/\/efructifera.com\/es\/wp-content\/uploads\/2021\/09\/pineapple-03.jpg 800w, https:\/\/efructifera.com\/es\/wp-content\/uploads\/2021\/09\/pineapple-03-400x225.jpg 400w, https:\/\/efructifera.com\/es\/wp-content\/uploads\/2021\/09\/pineapple-03-768x432.jpg 768w\" sizes=\"auto, (max-width: 800px) 100vw, 800px\" \/>\t\t\t\t\t\t\n\t\t\t\t\t<\/div>\n\t\t\t\t\t\t\t\t\n<style>\n#image_1775323925 {\n  width: 100%;\n}\n<\/style>\n\t<\/div>\n\t\n\t<div class=\"img has-hover x md-x lg-x y md-y lg-y\" id=\"image_324684798\">\n\t\t\t\t\t\t\t\t<div class=\"img-inner dark\" >\n\t\t\t<img loading=\"lazy\" decoding=\"async\" width=\"800\" height=\"450\" src=\"https:\/\/efructifera.com\/es\/wp-content\/uploads\/2021\/09\/pineapple-02.jpg\" class=\"attachment-large size-large\" alt=\"\" srcset=\"https:\/\/efructifera.com\/es\/wp-content\/uploads\/2021\/09\/pineapple-02.jpg 800w, https:\/\/efructifera.com\/es\/wp-content\/uploads\/2021\/09\/pineapple-02-400x225.jpg 400w, https:\/\/efructifera.com\/es\/wp-content\/uploads\/2021\/09\/pineapple-02-768x432.jpg 768w\" sizes=\"auto, (max-width: 800px) 100vw, 800px\" \/>\t\t\t\t\t\t\n\t\t\t\t\t<\/div>\n\t\t\t\t\t\t\t\t\n<style>\n#image_324684798 {\n  width: 100%;\n}\n<\/style>\n\t<\/div>\n\t\n     <\/div>\n\n     <div class=\"loading-spin dark large centered\"><\/div>\n\n     \t<\/div>\n\n\n\t<div id=\"gap-1266704495\" class=\"gap-element clearfix\" style=\"display:block; height:auto;\">\n\t\t\n<style>\n#gap-1266704495 {\n  padding-top: 30px;\n}\n<\/style>\n\t<\/div>\n\t\n\t<div id=\"text-228478651\" class=\"text justificar\">\n\t\t\n<p>La pi\u00f1a es una fruta de Brasil. Tambi\u00e9n conocido como Anan\u00e1s, nombre dado por los ind\u00edgenas que significa \u00abfruta excelente\u00bb. La pi\u00f1a contiene bromelina, una enzima que ayuda a la digesti\u00f3n. Contiene vitamina C, A, B y \u00e1cido f\u00f3lico. Tiene cierto contenido de manganeso que ayuda a fortalecer el sistema inmunol\u00f3gico y los huesos.<\/p>\n\t\t\t<\/div>\n\t\n\t<div id=\"gap-2118056159\" class=\"gap-element clearfix\" style=\"display:block; height:auto;\">\n\t\t\n<style>\n#gap-2118056159 {\n  padding-top: 30px;\n}\n<\/style>\n\t<\/div>\n\t\n\t<div id=\"text-2571240998\" class=\"text mbzero\">\n\t\t\n<h4>Nuestras marcas<\/h4>\n\t\t\n<style>\n#text-2571240998 {\n  font-size: 1.5rem;\n  text-align: center;\n  color: #89c161;\n}\n#text-2571240998 > * {\n  color: #89c161;\n}\n<\/style>\n\t<\/div>\n\t\n<div class=\"text-center\"><div class=\"is-divider divider clearfix\" style=\"margin-top:0.3em;margin-bottom:0.3em;max-width:106px;\"><\/div><\/div>\n<div class=\"row row-collapse\"  id=\"row-1810862627\">\n\n\t<div id=\"col-1626841406\" class=\"col medium-6 small-12 large-6\"  >\n\t\t<div class=\"col-inner text-center\"  >\n\t\t\t\n\t\t\t\n<div class=\"ux-logo has-hover align-middle ux_logo inline-block\" style=\"max-width: 100%!important; width: 203px!important\"><div class=\"ux-logo-link block image-\" title=\"\"  href=\"\" style=\"padding: 15px;\"><img decoding=\"async\" src=\"https:\/\/efructifera.com\/es\/wp-content\/uploads\/2021\/07\/fruxical.webp\" title=\"\" alt=\"\" class=\"ux-logo-image block\" style=\"height:100px;\" \/><\/div><\/div>\n\t\t<\/div>\n\t\t\t<\/div>\n\n\t\n\n\t<div id=\"col-502623946\" class=\"col medium-6 small-12 large-6\"  >\n\t\t<div class=\"col-inner\"  >\n\t\t\t\n\t\t\t\n<div class=\"ux-logo has-hover align-middle ux_logo inline-block\" style=\"max-width: 100%!important; width: 203px!important\"><div class=\"ux-logo-link block image-\" title=\"\"  href=\"\" style=\"padding: 15px;\"><img decoding=\"async\" src=\"https:\/\/efructifera.com\/es\/wp-content\/uploads\/2021\/07\/utropica.webp\" title=\"\" alt=\"\" class=\"ux-logo-image block\" style=\"height:100px;\" \/><\/div><\/div>\n\t\t<\/div>\n\t\t\t<\/div>\n\n\t\n<\/div>\n<div class=\"row\"  id=\"row-449385206\">\n\n\t<div id=\"col-886158541\" class=\"col small-12 large-12\"  >\n\t\t<div class=\"col-inner text-center\"  >\n\t\t\t\n\t\t\t\n<div class=\"is-divider divider clearfix\" style=\"margin-top:0.4em;margin-bottom:0.4em;max-width:100%;height:1px;\"><\/div>\n<p class=\"mbzero\" style=\"text-align: center;\"><strong>Variedad: <\/strong>MD2<\/p>\n<div class=\"is-divider divider clearfix\" style=\"margin-top:0.4em;margin-bottom:0.4em;max-width:100%;height:1px;\"><\/div>\n<p class=\"mbzero\" style=\"text-align: center;\"><strong>Clase:<\/strong> \u00abA\u00bb Premium<\/p>\n<div class=\"is-divider divider clearfix\" style=\"margin-top:0.4em;margin-bottom:0.4em;max-width:100%;height:1px;\"><\/div>\n<p class=\"mbzero\" style=\"text-align: center;\"><strong>Presentaci\u00f3n:<\/strong> Cajas y bandeja de cart\u00f3n ondulado\u00a0 25 kg y 12 kg<\/p>\n\t\t<\/div>\n\t\t\t<\/div>\n\n\t\n<\/div>\n\t\t<\/div>\n\t\t\t<\/div>\n\n\t\n<\/div>\n\t<div id=\"text-1211341307\" class=\"text\">\n\t\t\n\t\t\n<style>\n#text-1211341307 {\n  font-size: 1.5rem;\n  line-height: 1.5;\n  text-align: center;\n  color: #7a9c59;\n}\n#text-1211341307 > * {\n  color: #7a9c59;\n}\n<\/style>\n\t<\/div>\n\t\n\t\t<\/div>\n\t\t\t<\/div>\n\n\t\n\n\t<div id=\"col-1582946247\" class=\"col medium-5 small-12 large-5\"  >\n\t\t<div class=\"col-inner\" style=\"background-color:rgb(250, 248, 245);\" >\n\t\t\t\n\t<div class=\"is-border\"\n\t\tstyle=\"border-color:rgba(239, 234, 226, 0.419);border-width:1px 1px 1px 1;margin:0px 0px 0 0px;\">\n\t<\/div>\n\t\t\t\n<div class=\"row\"  id=\"row-609623858\">\n\n\t<div id=\"col-1646472101\" class=\"col small-12 large-12\"  >\n\t\t<div class=\"col-inner\"  >\n\t\t\t\n\t\t\t\n\t<div id=\"text-3002114052\" class=\"text mbzero\">\n\t\t\n<h4>Especificaciones<\/h4>\n\t\t\n<style>\n#text-3002114052 {\n  font-size: 1rem;\n  color: #89c161;\n}\n#text-3002114052 > * {\n  color: #89c161;\n}\n<\/style>\n\t<\/div>\n\t\n<div class=\"is-divider divider clearfix\" style=\"margin-top:0.3em;margin-bottom:0.3em;\"><\/div>\n\t<div id=\"gap-1637571388\" class=\"gap-element clearfix\" style=\"display:block; height:auto;\">\n\t\t\n<style>\n#gap-1637571388 {\n  padding-top: 12px;\n}\n<\/style>\n\t<\/div>\n\t\n\t<div id=\"text-391072227\" class=\"text\">\n\t\t\n<ul class=\"alt-font\">\n<li><strong>Nombre cient\u00edfico:<\/strong> Ananas comosus<\/li>\n<li><strong>Variedad:<\/strong> MD2<\/li>\n<li><strong>Origen:<\/strong> Ecuador<\/li>\n<li><strong>Transporte:<\/strong> Mar\u00edtimo y a\u00e9reo<\/li>\n<li><strong>Presentaci\u00f3n:<\/strong> Cajas de cart\u00f3n y bandejas de cart\u00f3n ondulado<\/li>\n<li><strong>Peso Neto:<\/strong> 12 kg por bandeja y 25 kg por caja<\/li>\n<li><strong>Calibres:<\/strong> 5\/6\/7\/8<\/li>\n<li><strong>Caja\/ Pallet:<\/strong> 54<\/li>\n<li><strong>Bandejas\/Pallet:<\/strong> 80<\/li>\n<li><strong>Pallets\/Contenedor:<\/strong> 20<\/li>\n<\/ul>\n\t\t\n<style>\n#text-391072227 {\n  font-size: 1rem;\n  line-height: 1;\n  text-align: left;\n}\n<\/style>\n\t<\/div>\n\t\n\t<div id=\"gap-563665187\" class=\"gap-element clearfix\" style=\"display:block; height:auto;\">\n\t\t\n<style>\n#gap-563665187 {\n  padding-top: 30px;\n}\n<\/style>\n\t<\/div>\n\t\n\t<div id=\"text-3363296744\" class=\"text mbzero\">\n\t\t\n<h4>Temporada<\/h4>\n\t\t\n<style>\n#text-3363296744 {\n  font-size: 1rem;\n  color: #89c161;\n}\n#text-3363296744 > * {\n  color: #89c161;\n}\n<\/style>\n\t<\/div>\n\t\n<div class=\"is-divider divider clearfix\" style=\"margin-top:0.3em;margin-bottom:0.3em;\"><\/div>\n<p>Todo el a\u00f1o<\/p>\n\t<div id=\"gap-1152507996\" class=\"gap-element clearfix\" style=\"display:block; height:auto;\">\n\t\t\n<style>\n#gap-1152507996 {\n  padding-top: 30px;\n}\n<\/style>\n\t<\/div>\n\t\n\t<div id=\"text-3548910097\" class=\"text mbzero\">\n\t\t\n<h4>Pa\u00edses de destino<\/h4>\n\t\t\n<style>\n#text-3548910097 {\n  font-size: 1rem;\n  color: #89c161;\n}\n#text-3548910097 > * {\n  color: #89c161;\n}\n<\/style>\n\t<\/div>\n\t\n<div class=\"is-divider divider clearfix\" style=\"margin-top:0.3em;margin-bottom:0.3em;\"><\/div>\n<p>Estados Unidos, Europa, Rusia y Chile<\/p>\n\t<div id=\"gap-1985889747\" class=\"gap-element clearfix\" style=\"display:block; height:auto;\">\n\t\t\n<style>\n#gap-1985889747 {\n  padding-top: 30px;\n}\n<\/style>\n\t<\/div>\n\t\n\t\t<\/div>\n\t\t\n<style>\n#col-1646472101 > .col-inner {\n  padding: 0px 0px 0 0px;\n}\n<\/style>\n\t<\/div>\n\n\t\n\n<style>\n#row-609623858 > .col > .col-inner {\n  padding: 30px 30px 25px 30px;\n}\n<\/style>\n<\/div>\n\t\t<\/div>\n\t\t\n<style>\n#col-1582946247 > .col-inner {\n  padding: 0px 0px 0 0px;\n  margin: 0px 0px 0 0px;\n}\n<\/style>\n\t<\/div>\n\n\t\n\n<style>\n#row-1031305150 > .col > .col-inner {\n  padding: 0px 0px 0 0px;\n}\n<\/style>\n<\/div>\n\t\t<\/div>\n\n\t\t\n<style>\n#section_1776768230 {\n  padding-top: 79px;\n  padding-bottom: 79px;\n}\n<\/style>\n\t<\/section>\n\t\n","protected":false},"excerpt":{"rendered":"","protected":false},"author":1,"featured_media":0,"parent":0,"menu_order":0,"comment_status":"closed","ping_status":"closed","template":"page-blank.php","meta":{"ngg_post_thumbnail":0,"footnotes":""},"class_list":["post-963","page","type-page","status-publish","hentry"],"jetpack_sharing_enabled":true,"_links":{"self":[{"href":"https:\/\/efructifera.com\/es\/wp-json\/wp\/v2\/pages\/963","targetHints":{"allow":["GET"]}}],"collection":[{"href":"https:\/\/efructifera.com\/es\/wp-json\/wp\/v2\/pages"}],"about":[{"href":"https:\/\/efructifera.com\/es\/wp-json\/wp\/v2\/types\/page"}],"author":[{"embeddable":true,"href":"https:\/\/efructifera.com\/es\/wp-json\/wp\/v2\/users\/1"}],"replies":[{"embeddable":true,"href":"https:\/\/efructifera.com\/es\/wp-json\/wp\/v2\/comments?post=963"}],"version-history":[{"count":4,"href":"https:\/\/efructifera.com\/es\/wp-json\/wp\/v2\/pages\/963\/revisions"}],"predecessor-version":[{"id":1385,"href":"https:\/\/efructifera.com\/es\/wp-json\/wp\/v2\/pages\/963\/revisions\/1385"}],"wp:attachment":[{"href":"https:\/\/efructifera.com\/es\/wp-json\/wp\/v2\/media?parent=963"}],"curies":[{"name":"wp","href":"https:\/\/api.w.org\/{rel}","templated":true}]}}