{"id":944,"date":"2021-07-30T14:59:28","date_gmt":"2021-07-30T19:59:28","guid":{"rendered":"https:\/\/efructifera.com\/es\/?page_id=944"},"modified":"2021-09-07T15:41:56","modified_gmt":"2021-09-07T20:41:56","slug":"granada-2","status":"publish","type":"page","link":"https:\/\/efructifera.com\/es\/granada-2\/","title":{"rendered":"GRANADA"},"content":{"rendered":"\t<section class=\"section\" id=\"section_1222064245\">\n\t\t<div class=\"bg section-bg fill bg-fill  bg-loaded\" >\n\n\t\t\t\n\t\t\t\n\t\t\t\n\n\t\t<\/div>\n\n\t\t<div class=\"section-content relative\">\n\t\t\t\n<div class=\"row align-equal\"  id=\"row-2098699678\">\n\n\t<div id=\"col-1423984416\" class=\"col medium-7 small-12 large-7\"  >\n\t\t<div class=\"col-inner\"  >\n\t\t\t\n\t\t\t\n<div class=\"row\"  id=\"row-468274196\">\n\n\t<div id=\"col-1967698838\" class=\"col small-12 large-12\"  >\n\t\t<div class=\"col-inner\"  >\n\t\t\t\n\t\t\t\n\t<div id=\"text-2691838460\" class=\"text mbzero\">\n\t\t\n<h1>GRANADA<\/h1>\n\t\t\n<style>\n#text-2691838460 {\n  font-size: 1.5rem;\n  text-align: left;\n  color: #7a9c59;\n}\n#text-2691838460 > * {\n  color: #7a9c59;\n}\n<\/style>\n\t<\/div>\n\t\n<div class=\"is-divider divider clearfix\" style=\"margin-top:0.3em;margin-bottom:0.3em;\"><\/div>\n<div class=\"slider-wrapper relative\" id=\"slider-1150130685\" >\n    <div class=\"slider slider-type-fade slider-nav-dots-dashes-spaced slider-nav-simple slider-nav-normal slider-nav-dark slider-nav-outside slider-style-normal\"\n        data-flickity-options='{\n            \"cellAlign\": \"center\",\n            \"imagesLoaded\": true,\n            \"lazyLoad\": 1,\n            \"freeScroll\": false,\n            \"wrapAround\": true,\n            \"autoPlay\": 4000,\n            \"pauseAutoPlayOnHover\" : true,\n            \"prevNextButtons\": true,\n            \"contain\" : true,\n            \"adaptiveHeight\" : true,\n            \"dragThreshold\" : 10,\n            \"percentPosition\": true,\n            \"pageDots\": true,\n            \"rightToLeft\": false,\n            \"draggable\": true,\n            \"selectedAttraction\": 0.1,\n            \"parallax\" : 0,\n            \"friction\": 0.6        }'\n        >\n        \n\t<div class=\"img has-hover x md-x lg-x y md-y lg-y\" id=\"image_553539335\">\n\t\t\t\t\t\t\t\t<div class=\"img-inner dark\" >\n\t\t\t<img loading=\"lazy\" decoding=\"async\" width=\"612\" height=\"405\" src=\"https:\/\/efructifera.com\/es\/wp-content\/uploads\/2021\/09\/pomegranate-01.jpg\" class=\"attachment-original size-original\" alt=\"\" srcset=\"https:\/\/efructifera.com\/es\/wp-content\/uploads\/2021\/09\/pomegranate-01.jpg 612w, https:\/\/efructifera.com\/es\/wp-content\/uploads\/2021\/09\/pomegranate-01-400x265.jpg 400w\" sizes=\"auto, (max-width: 612px) 100vw, 612px\" \/>\t\t\t\t\t\t\n\t\t\t\t\t<\/div>\n\t\t\t\t\t\t\t\t\n<style>\n#image_553539335 {\n  width: 100%;\n}\n<\/style>\n\t<\/div>\n\t\n\t<div class=\"img has-hover x md-x lg-x y md-y lg-y\" id=\"image_878433794\">\n\t\t\t\t\t\t\t\t<div class=\"img-inner dark\" >\n\t\t\t<img loading=\"lazy\" decoding=\"async\" width=\"612\" height=\"405\" src=\"https:\/\/efructifera.com\/es\/wp-content\/uploads\/2021\/07\/granada.jpg\" class=\"attachment-large size-large\" alt=\"Granada\" srcset=\"https:\/\/efructifera.com\/es\/wp-content\/uploads\/2021\/07\/granada.jpg 612w, https:\/\/efructifera.com\/es\/wp-content\/uploads\/2021\/07\/granada-400x265.jpg 400w\" sizes=\"auto, (max-width: 612px) 100vw, 612px\" \/>\t\t\t\t\t\t\n\t\t\t\t\t<\/div>\n\t\t\t\t\t\t\t\t\n<style>\n#image_878433794 {\n  width: 100%;\n}\n<\/style>\n\t<\/div>\n\t\n\t<div class=\"img has-hover x md-x lg-x y md-y lg-y\" id=\"image_1223392714\">\n\t\t\t\t\t\t\t\t<div class=\"img-inner dark\" >\n\t\t\t<img loading=\"lazy\" decoding=\"async\" width=\"612\" height=\"405\" src=\"https:\/\/efructifera.com\/es\/wp-content\/uploads\/2021\/09\/pomegranate-03.jpg\" class=\"attachment-large size-large\" alt=\"\" srcset=\"https:\/\/efructifera.com\/es\/wp-content\/uploads\/2021\/09\/pomegranate-03.jpg 612w, https:\/\/efructifera.com\/es\/wp-content\/uploads\/2021\/09\/pomegranate-03-400x265.jpg 400w\" sizes=\"auto, (max-width: 612px) 100vw, 612px\" \/>\t\t\t\t\t\t\n\t\t\t\t\t<\/div>\n\t\t\t\t\t\t\t\t\n<style>\n#image_1223392714 {\n  width: 100%;\n}\n<\/style>\n\t<\/div>\n\t\n     <\/div>\n\n     <div class=\"loading-spin dark large centered\"><\/div>\n\n     \t<\/div>\n\n\n\t<div id=\"gap-961012251\" class=\"gap-element clearfix\" style=\"display:block; height:auto;\">\n\t\t\n<style>\n#gap-961012251 {\n  padding-top: 30px;\n}\n<\/style>\n\t<\/div>\n\t\n\t<div id=\"text-2268759442\" class=\"text justificar\">\n\t\t\n<p>La granada es considerada un s\u00faper alimento, es una fruta de sabor dulce que contiene peque\u00f1as semillas en su interior. Contiene altos niveles de antioxidantes que ayudan a prevenir y reparar la oxidaci\u00f3n celular causada por los radicales libres.<br \/>Es una fruta que potencia el sistema inmunol\u00f3gico y previene dolencias cardiovasculares. La granada es rica en fibra, por lo que crea una sensaci\u00f3n de saciedad.<\/p>\n<p>\u00a0<\/p>\n\t\t\t<\/div>\n\t\n\t\t<\/div>\n\t\t\t<\/div>\n\n\t\n<\/div>\n<div class=\"row align-center\"  id=\"row-1838384541\">\n\n\t<div id=\"col-1477747822\" class=\"col small-12 large-12\"  >\n\t\t<div class=\"col-inner text-center\"  >\n\t\t\t\n\t\t\t\n\t<div id=\"text-191093387\" class=\"text\">\n\t\t\n<h4 style=\"text-align: center;\">Nuestra marca<\/h4>\n\t\t\n<style>\n#text-191093387 {\n  font-size: 1.75rem;\n  color: rgb(122, 156, 89);\n}\n#text-191093387 > * {\n  color: rgb(122, 156, 89);\n}\n<\/style>\n\t<\/div>\n\t\n<div class=\"text-center\"><div class=\"is-divider divider clearfix\" style=\"margin-top:0.3em;margin-bottom:0.3em;max-width:100px;background-color:rgb(206, 206, 206);\"><\/div><\/div>\n\t\t<\/div>\n\t\t\t<\/div>\n\n\t\n<\/div>\n<div class=\"row\"  id=\"row-709671693\">\n\n\t<div id=\"col-888576814\" class=\"col small-12 large-12\"  >\n\t\t<div class=\"col-inner text-center\"  >\n\t\t\t\n\t\t\t\n<div class=\"ux-logo has-hover align-middle ux_logo inline-block\" style=\"max-width: 100%!important; width: 249.38461538462px!important\"><div class=\"ux-logo-link block image-\" title=\"\"  href=\"\" style=\"padding: 15px;\"><img decoding=\"async\" src=\"https:\/\/efructifera.com\/es\/wp-content\/uploads\/2021\/09\/logoEF-products.svg\" title=\"\" alt=\"\" class=\"ux-logo-image block\" style=\"height:92px;\" \/><\/div><\/div>\n<div class=\"is-divider divider clearfix\" style=\"margin-top:0.4em;margin-bottom:0.4em;max-width:100%;height:1px;\"><\/div>\n<p class=\"mbzero\" style=\"text-align: center;\"><strong>Variedad:<\/strong> Wonderful<\/p>\n<div class=\"is-divider divider clearfix\" style=\"margin-top:0.4em;margin-bottom:0.4em;max-width:100%;height:1px;\"><\/div>\n<p class=\"mbzero\" style=\"text-align: center;\"><strong>Clase:<\/strong> \u00abA\u00bb Premium<\/p>\n<div class=\"is-divider divider clearfix\" style=\"margin-top:0.4em;margin-bottom:0.4em;max-width:100%;height:1px;\"><\/div>\n<p class=\"mbzero\" style=\"text-align: center;\"><strong>Presentaci\u00f3n:<\/strong>\u00a0 Cajas de cart\u00f3n 3.8 kg<\/p>\n\t\t<\/div>\n\t\t\t<\/div>\n\n\t\n<\/div>\n\t<div id=\"text-4260473736\" class=\"text\">\n\t\t\n\t\t\n<style>\n#text-4260473736 {\n  font-size: 1.5rem;\n  line-height: 1.5;\n  text-align: center;\n  color: #7a9c59;\n}\n#text-4260473736 > * {\n  color: #7a9c59;\n}\n<\/style>\n\t<\/div>\n\t\n\t\t<\/div>\n\t\t\t<\/div>\n\n\t\n\n\t<div id=\"col-1649218721\" class=\"col medium-5 small-12 large-5\"  >\n\t\t<div class=\"col-inner\" style=\"background-color:rgb(250, 248, 245);\" >\n\t\t\t\n\t<div class=\"is-border\"\n\t\tstyle=\"border-color:rgba(239, 234, 226, 0.419);border-width:1px 1px 1px 1;margin:0px 0px 0 0px;\">\n\t<\/div>\n\t\t\t\n<div class=\"row\"  id=\"row-101723507\">\n\n\t<div id=\"col-208783970\" class=\"col small-12 large-12\"  >\n\t\t<div class=\"col-inner\"  >\n\t\t\t\n\t\t\t\n\t<div id=\"text-4064557717\" class=\"text mbzero\">\n\t\t\n<h4>Especificaciones <\/h4>\n\t\t\n<style>\n#text-4064557717 {\n  font-size: 1rem;\n  color: #89c161;\n}\n#text-4064557717 > * {\n  color: #89c161;\n}\n<\/style>\n\t<\/div>\n\t\n<div class=\"is-divider divider clearfix\" style=\"margin-top:0.3em;margin-bottom:0.3em;\"><\/div>\n\t<div id=\"gap-1187004535\" class=\"gap-element clearfix\" style=\"display:block; height:auto;\">\n\t\t\n<style>\n#gap-1187004535 {\n  padding-top: 12px;\n}\n<\/style>\n\t<\/div>\n\t\n\t<div id=\"text-146168180\" class=\"text\">\n\t\t\n<ul class=\"alt-font\">\n<li><strong>Nombre cient\u00edfico:<\/strong> Punica granatum<\/li>\n<li><strong>Variedad<\/strong>: Wonderful<\/li>\n<li><strong>Origen:<\/strong> Per\u00fa<\/li>\n<li><strong>Transporte:<\/strong> Mar\u00edtimo<\/li>\n<li><strong>Presentaci\u00f3n:<\/strong> Cajas de cart\u00f3n<\/li>\n<li><strong>Peso neto:<\/strong> 3.8 kg por caja<\/li>\n<li><strong>Calibres:<\/strong> 4\/5\/6\/7\/8\/9\/10\/11\/12<\/li>\n<li><strong>Cajas\/Pallet:<\/strong> 216\u00a0<\/li>\n<li><strong>Pallets\/Contenedor:<\/strong> 20\u00a0<\/li>\n<li><strong>Cajas\/Contenedor:<\/strong> 4320<\/li>\n<\/ul>\n\t\t\n<style>\n#text-146168180 {\n  font-size: 1rem;\n  line-height: 1;\n  text-align: left;\n}\n<\/style>\n\t<\/div>\n\t\n\t<div id=\"gap-1964702921\" class=\"gap-element clearfix\" style=\"display:block; height:auto;\">\n\t\t\n<style>\n#gap-1964702921 {\n  padding-top: 30px;\n}\n<\/style>\n\t<\/div>\n\t\n\t<div id=\"text-245669384\" class=\"text mbzero\">\n\t\t\n<h4>Temporada<\/h4>\n\t\t\n<style>\n#text-245669384 {\n  font-size: 1rem;\n  color: #89c161;\n}\n#text-245669384 > * {\n  color: #89c161;\n}\n<\/style>\n\t<\/div>\n\t\n<div class=\"is-divider divider clearfix\" style=\"margin-top:0.3em;margin-bottom:0.3em;\"><\/div>\n<p>Enero a marzo<\/p>\n\t<div id=\"gap-1334437797\" class=\"gap-element clearfix\" style=\"display:block; height:auto;\">\n\t\t\n<style>\n#gap-1334437797 {\n  padding-top: 30px;\n}\n<\/style>\n\t<\/div>\n\t\n\t<div id=\"text-1462741672\" class=\"text mbzero\">\n\t\t\n<h4>Nuestra marca<\/h4>\n\t\t\n<style>\n#text-1462741672 {\n  font-size: 1rem;\n  color: #89c161;\n}\n#text-1462741672 > * {\n  color: #89c161;\n}\n<\/style>\n\t<\/div>\n\t\n<div class=\"is-divider divider clearfix\" style=\"margin-top:0.3em;margin-bottom:0.3em;\"><\/div>\n<p>Earthfructifera<\/p>\n\t<div id=\"gap-1776315107\" class=\"gap-element clearfix\" style=\"display:block; height:auto;\">\n\t\t\n<style>\n#gap-1776315107 {\n  padding-top: 30px;\n}\n<\/style>\n\t<\/div>\n\t\n\t<div id=\"text-1418804073\" class=\"text mbzero\">\n\t\t\n<h4>Pa\u00edses de destino<\/h4>\n\t\t\n<style>\n#text-1418804073 {\n  font-size: 1rem;\n  color: #89c161;\n}\n#text-1418804073 > * {\n  color: #89c161;\n}\n<\/style>\n\t<\/div>\n\t\n<div class=\"is-divider divider clearfix\" style=\"margin-top:0.3em;margin-bottom:0.3em;\"><\/div>\n<p>Ucrania, Rusia y Europa<\/p>\n\t<div id=\"gap-328751630\" class=\"gap-element clearfix\" style=\"display:block; height:auto;\">\n\t\t\n<style>\n#gap-328751630 {\n  padding-top: 30px;\n}\n<\/style>\n\t<\/div>\n\t\n\t\t<\/div>\n\t\t\n<style>\n#col-208783970 > .col-inner {\n  padding: 0px 0px 0 0px;\n}\n<\/style>\n\t<\/div>\n\n\t\n\n<style>\n#row-101723507 > .col > .col-inner {\n  padding: 30px 30px 25px 30px;\n}\n<\/style>\n<\/div>\n\t\t<\/div>\n\t\t\n<style>\n#col-1649218721 > .col-inner {\n  padding: 0px 0px 0 0px;\n  margin: 0px 0px 0 0px;\n}\n<\/style>\n\t<\/div>\n\n\t\n\n<style>\n#row-2098699678 > .col > .col-inner {\n  padding: 0px 0px 0 0px;\n}\n<\/style>\n<\/div>\n\t\t<\/div>\n\n\t\t\n<style>\n#section_1222064245 {\n  padding-top: 79px;\n  padding-bottom: 79px;\n}\n<\/style>\n\t<\/section>\n\t\n","protected":false},"excerpt":{"rendered":"","protected":false},"author":1,"featured_media":0,"parent":0,"menu_order":0,"comment_status":"closed","ping_status":"closed","template":"page-blank.php","meta":{"ngg_post_thumbnail":0,"footnotes":""},"class_list":["post-944","page","type-page","status-publish","hentry"],"jetpack_sharing_enabled":true,"_links":{"self":[{"href":"https:\/\/efructifera.com\/es\/wp-json\/wp\/v2\/pages\/944","targetHints":{"allow":["GET"]}}],"collection":[{"href":"https:\/\/efructifera.com\/es\/wp-json\/wp\/v2\/pages"}],"about":[{"href":"https:\/\/efructifera.com\/es\/wp-json\/wp\/v2\/types\/page"}],"author":[{"embeddable":true,"href":"https:\/\/efructifera.com\/es\/wp-json\/wp\/v2\/users\/1"}],"replies":[{"embeddable":true,"href":"https:\/\/efructifera.com\/es\/wp-json\/wp\/v2\/comments?post=944"}],"version-history":[{"count":3,"href":"https:\/\/efructifera.com\/es\/wp-json\/wp\/v2\/pages\/944\/revisions"}],"predecessor-version":[{"id":1388,"href":"https:\/\/efructifera.com\/es\/wp-json\/wp\/v2\/pages\/944\/revisions\/1388"}],"wp:attachment":[{"href":"https:\/\/efructifera.com\/es\/wp-json\/wp\/v2\/media?parent=944"}],"curies":[{"name":"wp","href":"https:\/\/api.w.org\/{rel}","templated":true}]}}