{"id":890,"date":"2021-07-27T17:43:39","date_gmt":"2021-07-27T22:43:39","guid":{"rendered":"https:\/\/efructifera.com\/es\/?page_id=890"},"modified":"2021-09-07T18:47:09","modified_gmt":"2021-09-07T23:47:09","slug":"banano-rojo","status":"publish","type":"page","link":"https:\/\/efructifera.com\/es\/banano-rojo\/","title":{"rendered":"BANANO ROJO"},"content":{"rendered":"\t<section class=\"section\" id=\"section_250821834\">\n\t\t<div class=\"bg section-bg fill bg-fill  bg-loaded\" >\n\n\t\t\t\n\t\t\t\n\t\t\t\n\n\t\t<\/div>\n\n\t\t<div class=\"section-content relative\">\n\t\t\t\n<div class=\"row align-equal\"  id=\"row-1022184401\">\n\n\t<div id=\"col-1003701137\" class=\"col medium-7 small-12 large-7\"  >\n\t\t<div class=\"col-inner\"  >\n\t\t\t\n\t\t\t\n<div class=\"row\"  id=\"row-611970003\">\n\n\t<div id=\"col-896597980\" class=\"col small-12 large-12\"  >\n\t\t<div class=\"col-inner\"  >\n\t\t\t\n\t\t\t\n\t<div id=\"text-348268193\" class=\"text mbzero\">\n\t\t\n<h1>BANANO ROJO<\/h1>\n\t\t\n<style>\n#text-348268193 {\n  font-size: 1.5rem;\n  text-align: left;\n  color: #7a9c59;\n}\n#text-348268193 > * {\n  color: #7a9c59;\n}\n<\/style>\n\t<\/div>\n\t\n<div class=\"is-divider divider clearfix\" style=\"margin-top:0.3em;margin-bottom:0.3em;\"><\/div>\n<div class=\"slider-wrapper relative\" id=\"slider-1867282250\" >\n    <div class=\"slider slider-type-fade slider-nav-dots-dashes-spaced slider-nav-simple slider-nav-normal slider-nav-dark slider-nav-outside slider-style-normal\"\n        data-flickity-options='{\n            \"cellAlign\": \"center\",\n            \"imagesLoaded\": true,\n            \"lazyLoad\": 1,\n            \"freeScroll\": false,\n            \"wrapAround\": true,\n            \"autoPlay\": 4000,\n            \"pauseAutoPlayOnHover\" : true,\n            \"prevNextButtons\": true,\n            \"contain\" : true,\n            \"adaptiveHeight\" : true,\n            \"dragThreshold\" : 10,\n            \"percentPosition\": true,\n            \"pageDots\": true,\n            \"rightToLeft\": false,\n            \"draggable\": true,\n            \"selectedAttraction\": 0.1,\n            \"parallax\" : 0,\n            \"friction\": 0.6        }'\n        >\n        \n\t<div class=\"img has-hover x md-x lg-x y md-y lg-y\" id=\"image_224604725\">\n\t\t\t\t\t\t\t\t<div class=\"img-inner dark\" >\n\t\t\t<img loading=\"lazy\" decoding=\"async\" width=\"800\" height=\"548\" src=\"https:\/\/efructifera.com\/es\/wp-content\/uploads\/2021\/09\/red-banana-01.jpg\" class=\"attachment-original size-original\" alt=\"\" srcset=\"https:\/\/efructifera.com\/es\/wp-content\/uploads\/2021\/09\/red-banana-01.jpg 800w, https:\/\/efructifera.com\/es\/wp-content\/uploads\/2021\/09\/red-banana-01-400x274.jpg 400w, https:\/\/efructifera.com\/es\/wp-content\/uploads\/2021\/09\/red-banana-01-768x526.jpg 768w\" sizes=\"auto, (max-width: 800px) 100vw, 800px\" \/>\t\t\t\t\t\t\n\t\t\t\t\t<\/div>\n\t\t\t\t\t\t\t\t\n<style>\n#image_224604725 {\n  width: 100%;\n}\n<\/style>\n\t<\/div>\n\t\n\t<div class=\"img has-hover x md-x lg-x y md-y lg-y\" id=\"image_434287391\">\n\t\t\t\t\t\t\t\t<div class=\"img-inner dark\" >\n\t\t\t<img loading=\"lazy\" decoding=\"async\" width=\"800\" height=\"548\" src=\"https:\/\/efructifera.com\/es\/wp-content\/uploads\/2021\/09\/red-banana-02.jpg\" class=\"attachment-large size-large\" alt=\"\" srcset=\"https:\/\/efructifera.com\/es\/wp-content\/uploads\/2021\/09\/red-banana-02.jpg 800w, https:\/\/efructifera.com\/es\/wp-content\/uploads\/2021\/09\/red-banana-02-400x274.jpg 400w, https:\/\/efructifera.com\/es\/wp-content\/uploads\/2021\/09\/red-banana-02-768x526.jpg 768w\" sizes=\"auto, (max-width: 800px) 100vw, 800px\" \/>\t\t\t\t\t\t\n\t\t\t\t\t<\/div>\n\t\t\t\t\t\t\t\t\n<style>\n#image_434287391 {\n  width: 100%;\n}\n<\/style>\n\t<\/div>\n\t\n     <\/div>\n\n     <div class=\"loading-spin dark large centered\"><\/div>\n\n     \t<\/div>\n\n\n\t<div id=\"gap-1755498834\" class=\"gap-element clearfix\" style=\"display:block; height:auto;\">\n\t\t\n<style>\n#gap-1755498834 {\n  padding-top: 30px;\n}\n<\/style>\n\t<\/div>\n\t\n\t<div id=\"text-3030869633\" class=\"text justificar\">\n\t\t\n<p lang=\"es-ES\" align=\"JUSTIFY\">El banano rojo es una variedad muy ex\u00f3tica en el Ecuador, su volumen es extremadamente limitado el cual se exporta pr\u00e1cticamente en su totalidad. Son de tama\u00f1o m\u00e1s peque\u00f1o que el banano Cavendish com\u00fan y tienen una pulpa cremosa de color blanco a rosado, con un ligero sabor a frambuesa.<\/p>\n<p lang=\"es-ES\" align=\"JUSTIFY\">Tambi\u00e9n tienen m\u00e1s vitamina C que la variedad amarilla. Una buena fuente de fibra, potasio y vitamina C. <\/p>\n\t\t\t<\/div>\n\t\n\t\t<\/div>\n\t\t\t<\/div>\n\n\t\n<\/div>\n\t<div id=\"text-3506250040\" class=\"text\">\n\t\t\n<p lang=\"es-EC\"><span style=\"font-size: 110%;\"><strong><span style=\"font-family: Noto Sans, serif;\"><span lang=\"es-ES\">El principal mercado de exportaci<\/span><\/span><span style=\"font-family: Calibri, serif;\"><span lang=\"es-ES\">\u00f3<\/span><\/span><span style=\"font-family: Noto Sans, serif;\"><span lang=\"es-ES\">n de Earthfructifera es Europa. <\/span><\/span><span style=\"font-family: Noto Sans, serif;\"><span lang=\"es-ES\">EarthFructifera exporta banana roja de la mejor calidad<\/span><\/span><\/strong><\/span><\/p>\n\t\t\n<style>\n#text-3506250040 {\n  font-size: 1.25rem;\n  line-height: 1.5;\n  text-align: center;\n  color: rgb(152, 152, 152);\n}\n#text-3506250040 > * {\n  color: rgb(152, 152, 152);\n}\n<\/style>\n\t<\/div>\n\t\n<div class=\"row align-center\"  id=\"row-423764948\">\n\n\t<div id=\"col-804673118\" class=\"col medium-11 small-12 large-11\"  >\n\t\t<div class=\"col-inner\"  >\n\t\t\t\n\t\t\t\n\t<div id=\"gap-2039231623\" class=\"gap-element clearfix\" style=\"display:block; height:auto;\">\n\t\t\n<style>\n#gap-2039231623 {\n  padding-top: 74px;\n}\n<\/style>\n\t<\/div>\n\t\n\t<div id=\"text-590734763\" class=\"text\">\n\t\t\n<h2>Nuestras marcas<\/h2>\n\t\t\n<style>\n#text-590734763 {\n  font-size: 1.25rem;\n  text-align: center;\n  color: rgb(122, 156, 89);\n}\n#text-590734763 > * {\n  color: rgb(122, 156, 89);\n}\n<\/style>\n\t<\/div>\n\t\n<div class=\"text-center\"><div class=\"is-divider divider clearfix\" style=\"margin-top:0.3em;margin-bottom:0.3em;max-width:90px;\"><\/div><\/div>\n<div class=\"row row-collapse\"  id=\"row-1839074109\">\n\n\t<div id=\"col-429162112\" class=\"col medium-6 small-12 large-6\"  >\n\t\t<div class=\"col-inner text-center\"  >\n\t\t\t\n\t\t\t\n<div class=\"ux-logo has-hover align-middle ux_logo inline-block\" style=\"max-width: 100%!important; width: 187.12621359223px!important\"><div class=\"ux-logo-link block image-\" title=\"\"  href=\"\" style=\"padding: 15px;\"><img decoding=\"async\" src=\"https:\/\/efructifera.com\/es\/wp-content\/uploads\/2021\/07\/cambur.webp\" title=\"\" alt=\"\" class=\"ux-logo-image block\" style=\"height:119px;\" \/><\/div><\/div>\n\t\t<\/div>\n\t\t\t<\/div>\n\n\t\n\n\t<div id=\"col-1124050364\" class=\"col medium-5 small-12 large-5\"  >\n\t\t<div class=\"col-inner text-center\"  >\n\t\t\t\n\t\t\t\n<div class=\"ux-logo has-hover align-middle ux_logo inline-block\" style=\"max-width: 100%!important; width: 337.61538461538px!important\"><div class=\"ux-logo-link block image-\" title=\"\"  href=\"\" style=\"padding: 15px;\"><img decoding=\"async\" src=\"https:\/\/efructifera.com\/es\/wp-content\/uploads\/2021\/09\/logoEF-products.svg\" title=\"\" alt=\"\" class=\"ux-logo-image block\" style=\"height:129px;\" \/><\/div><\/div>\n\t\t<\/div>\n\t\t\t<\/div>\n\n\t\n<\/div>\n<div class=\"text-center\"><div class=\"is-divider divider clearfix\" style=\"margin-top:0.4em;margin-bottom:0.4em;max-width:100%;height:1px;\"><\/div><\/div>\n\t<div id=\"text-3245287644\" class=\"text mbzero\">\n\t\t\n<p class=\"mbzero\" style=\"text-align: center;\"><strong>Variedad: <\/strong>Red Banana<\/p>\n\t\t\n<style>\n#text-3245287644 {\n  text-align: center;\n}\n<\/style>\n\t<\/div>\n\t\n<div class=\"text-center\"><div class=\"is-divider divider clearfix\" style=\"margin-top:0.4em;margin-bottom:0.4em;max-width:100%;height:1px;\"><\/div><\/div>\n\t<div id=\"text-1258227844\" class=\"text\">\n\t\t\n<p class=\"mbzero\" style=\"text-align: center;\"><strong>Clase:<\/strong> \u00abA\u00bb Premium. <\/p>\n\t\t\n<style>\n#text-1258227844 {\n  text-align: center;\n}\n<\/style>\n\t<\/div>\n\t\n<div class=\"text-center\"><div class=\"is-divider divider clearfix\" style=\"margin-top:0.4em;margin-bottom:0.4em;max-width:100%;height:1px;\"><\/div><\/div>\n\t<div id=\"text-3798111469\" class=\"text\">\n\t\t\n<p class=\"mbzero\" style=\"text-align: center;\"><strong>Presentaci\u00f3n: <\/strong> caja de cart\u00f3n 7.5 kg net<\/p>\n\t\t\n<style>\n#text-3798111469 {\n  text-align: center;\n}\n<\/style>\n\t<\/div>\n\t\n<div class=\"text-center\"><div class=\"is-divider divider clearfix\" style=\"margin-top:0.4em;margin-bottom:0.4em;max-width:100%;height:1px;\"><\/div><\/div>\n\t<div id=\"gap-1729502093\" class=\"gap-element clearfix\" style=\"display:block; height:auto;\">\n\t\t\n<style>\n#gap-1729502093 {\n  padding-top: 40px;\n}\n<\/style>\n\t<\/div>\n\t\n\t\t<\/div>\n\t\t\t<\/div>\n\n\t\n<\/div>\n\t\t<\/div>\n\t\t\t<\/div>\n\n\t\n\n\t<div id=\"col-1468486203\" class=\"col medium-5 small-12 large-5\"  >\n\t\t<div class=\"col-inner\" style=\"background-color:rgb(250, 248, 245);\" >\n\t\t\t\n\t<div class=\"is-border\"\n\t\tstyle=\"border-color:rgba(239, 234, 226, 0.419);border-width:1px 1px 1px 1;margin:0px 0px 0 0px;\">\n\t<\/div>\n\t\t\t\n<div class=\"row\"  id=\"row-1089460450\">\n\n\t<div id=\"col-1859311275\" class=\"col small-12 large-12\"  >\n\t\t<div class=\"col-inner\"  >\n\t\t\t\n\t\t\t\n\t<div id=\"text-4252389448\" class=\"text mbzero\">\n\t\t\n<h4>Especificaciones<\/h4>\n\t\t\n<style>\n#text-4252389448 {\n  font-size: 1rem;\n  color: #89c161;\n}\n#text-4252389448 > * {\n  color: #89c161;\n}\n<\/style>\n\t<\/div>\n\t\n<div class=\"is-divider divider clearfix\" style=\"margin-top:0.3em;margin-bottom:0.3em;\"><\/div>\n\t<div id=\"gap-1474805289\" class=\"gap-element clearfix\" style=\"display:block; height:auto;\">\n\t\t\n<style>\n#gap-1474805289 {\n  padding-top: 12px;\n}\n<\/style>\n\t<\/div>\n\t\n\t<div id=\"text-3314872296\" class=\"text\">\n\t\t\n<ul class=\"alt-font\">\n<li><strong>Nombre Cient\u00edfico:<\/strong> Musa acuminata<\/li>\n<li><strong>Variedad:<\/strong> Red Banana<\/li>\n<li><strong>Origen:<\/strong> Ecuador<\/li>\n<li><strong>Transporte:<\/strong> Air Freight<\/li>\n<li><strong>Presentaci\u00f3n:<\/strong> Caja de cart\u00f3n<\/li>\n<li><strong>Peso neto:<\/strong> 7.5 kg<\/li>\n<li><strong>Cajas\/ Pallet:<\/strong> 88 cajas de 7.5 kg y 56 cajas de 7.5 kg (a\u00e9reo)<\/li>\n<li><strong>Pallets\/Contenedor:<\/strong> 20<\/li>\n<li><strong>Cajas\/Contenedor:<\/strong> 1760<\/li>\n<\/ul>\n\t\t\n<style>\n#text-3314872296 {\n  font-size: 1rem;\n  line-height: 1;\n  text-align: left;\n}\n<\/style>\n\t<\/div>\n\t\n\t<div id=\"gap-440016396\" class=\"gap-element clearfix\" style=\"display:block; height:auto;\">\n\t\t\n<style>\n#gap-440016396 {\n  padding-top: 30px;\n}\n<\/style>\n\t<\/div>\n\t\n\t<div id=\"text-1699527090\" class=\"text mbzero\">\n\t\t\n<h4>Temporada<\/h4>\n\t\t\n<style>\n#text-1699527090 {\n  font-size: 1rem;\n  color: #89c161;\n}\n#text-1699527090 > * {\n  color: #89c161;\n}\n<\/style>\n\t<\/div>\n\t\n<div class=\"is-divider divider clearfix\" style=\"margin-top:0.3em;margin-bottom:0.3em;\"><\/div>\n<p>Todo el a\u00f1o<\/p>\n\t<div id=\"gap-460456440\" class=\"gap-element clearfix\" style=\"display:block; height:auto;\">\n\t\t\n<style>\n#gap-460456440 {\n  padding-top: 30px;\n}\n<\/style>\n\t<\/div>\n\t\n\t<div id=\"text-3396366202\" class=\"text mbzero\">\n\t\t\n<h4>Producci\u00f3n<\/h4>\n\t\t\n<style>\n#text-3396366202 {\n  font-size: 1rem;\n  color: #89c161;\n}\n#text-3396366202 > * {\n  color: #89c161;\n}\n<\/style>\n\t<\/div>\n\t\n<div class=\"is-divider divider clearfix\" style=\"margin-top:0.3em;margin-bottom:0.3em;\"><\/div>\n<p>150 hect\u00e1reas<\/p>\n\t<div id=\"gap-408348068\" class=\"gap-element clearfix\" style=\"display:block; height:auto;\">\n\t\t\n<style>\n#gap-408348068 {\n  padding-top: 30px;\n}\n<\/style>\n\t<\/div>\n\t\n\t<div id=\"text-1868281701\" class=\"text mbzero\">\n\t\t\n<h4>Pa\u00edses de destino<\/h4>\n\t\t\n<style>\n#text-1868281701 {\n  font-size: 1rem;\n  color: #89c161;\n}\n#text-1868281701 > * {\n  color: #89c161;\n}\n<\/style>\n\t<\/div>\n\t\n<div class=\"is-divider divider clearfix\" style=\"margin-top:0.3em;margin-bottom:0.3em;\"><\/div>\n<p>Francia y China<\/p>\n\t<div id=\"gap-1286670036\" class=\"gap-element clearfix\" style=\"display:block; height:auto;\">\n\t\t\n<style>\n#gap-1286670036 {\n  padding-top: 30px;\n}\n<\/style>\n\t<\/div>\n\t\n\t<div id=\"text-4071420186\" class=\"text mbzero\">\n\t\t\n<h4>Certificaciones<\/h4>\n\t\t\n<style>\n#text-4071420186 {\n  font-size: 1rem;\n  color: #89c161;\n}\n#text-4071420186 > * {\n  color: #89c161;\n}\n<\/style>\n\t<\/div>\n\t\n<div class=\"is-divider divider clearfix\" style=\"margin-top:0.3em;margin-bottom:0.3em;\"><\/div>\n<div class=\"row\"  id=\"row-1813932036\">\n\n\t<div id=\"col-1441848213\" class=\"col small-12 large-12\"  >\n\t\t<div class=\"col-inner text-center\"  >\n\t\t\t\n\t\t\t\n<div class=\"ux-logo has-hover align-middle ux_logo inline-block\" style=\"max-width: 100%!important; width: 194.72px!important\"><div class=\"ux-logo-link block image-\" title=\"\"  href=\"\" style=\"padding: 15px;\"><img decoding=\"async\" src=\"https:\/\/efructifera.com\/es\/wp-content\/uploads\/2021\/05\/globalgap.png\" title=\"\" alt=\"\" class=\"ux-logo-image block\" style=\"height:71px;\" \/><\/div><\/div>\n<div class=\"ux-logo has-hover align-middle ux_logo inline-block\" style=\"max-width: 100%!important; width: 102px!important\"><div class=\"ux-logo-link block image-\" title=\"\"  href=\"\" style=\"padding: 15px;\"><img decoding=\"async\" src=\"https:\/\/efructifera.com\/es\/wp-content\/uploads\/2021\/05\/grasp.png\" title=\"\" alt=\"\" class=\"ux-logo-image block\" style=\"height:72px;\" \/><\/div><\/div>\n\t\t<\/div>\n\t\t\t<\/div>\n\n\t\n\n\t<div id=\"col-230291238\" class=\"col small-12 large-12\"  >\n\t\t<div class=\"col-inner text-center\"  >\n\t\t\t\n\t\t\t\n<div class=\"ux-logo has-hover align-middle ux_logo inline-block\" style=\"max-width: 100%!important; width: 200.6301369863px!important\"><div class=\"ux-logo-link block image-\" title=\"\"  href=\"\" style=\"padding: 15px;\"><img decoding=\"async\" src=\"https:\/\/efructifera.com\/es\/wp-content\/uploads\/2021\/08\/BPA-Ecuador.png\" title=\"\" alt=\"\" class=\"ux-logo-image block\" style=\"height:72px;\" \/><\/div><\/div>\n\t\t<\/div>\n\t\t\t<\/div>\n\n\t\n<\/div>\n\t\t<\/div>\n\t\t\n<style>\n#col-1859311275 > .col-inner {\n  padding: 0px 0px 0 0px;\n}\n<\/style>\n\t<\/div>\n\n\t\n\n<style>\n#row-1089460450 > .col > .col-inner {\n  padding: 30px 30px 25px 30px;\n}\n<\/style>\n<\/div>\n\t\t<\/div>\n\t\t\n<style>\n#col-1468486203 > .col-inner {\n  padding: 0px 0px 0 0px;\n  margin: 0px 0px 0 0px;\n}\n<\/style>\n\t<\/div>\n\n\t\n\n<style>\n#row-1022184401 > .col > .col-inner {\n  padding: 0px 0px 0 0px;\n}\n<\/style>\n<\/div>\n\t\t<\/div>\n\n\t\t\n<style>\n#section_250821834 {\n  padding-top: 79px;\n  padding-bottom: 79px;\n}\n<\/style>\n\t<\/section>\n\t\n","protected":false},"excerpt":{"rendered":"","protected":false},"author":1,"featured_media":0,"parent":0,"menu_order":0,"comment_status":"closed","ping_status":"closed","template":"page-blank.php","meta":{"ngg_post_thumbnail":0,"footnotes":""},"class_list":["post-890","page","type-page","status-publish","hentry"],"jetpack_sharing_enabled":true,"_links":{"self":[{"href":"https:\/\/efructifera.com\/es\/wp-json\/wp\/v2\/pages\/890","targetHints":{"allow":["GET"]}}],"collection":[{"href":"https:\/\/efructifera.com\/es\/wp-json\/wp\/v2\/pages"}],"about":[{"href":"https:\/\/efructifera.com\/es\/wp-json\/wp\/v2\/types\/page"}],"author":[{"embeddable":true,"href":"https:\/\/efructifera.com\/es\/wp-json\/wp\/v2\/users\/1"}],"replies":[{"embeddable":true,"href":"https:\/\/efructifera.com\/es\/wp-json\/wp\/v2\/comments?post=890"}],"version-history":[{"count":9,"href":"https:\/\/efructifera.com\/es\/wp-json\/wp\/v2\/pages\/890\/revisions"}],"predecessor-version":[{"id":1429,"href":"https:\/\/efructifera.com\/es\/wp-json\/wp\/v2\/pages\/890\/revisions\/1429"}],"wp:attachment":[{"href":"https:\/\/efructifera.com\/es\/wp-json\/wp\/v2\/media?parent=890"}],"curies":[{"name":"wp","href":"https:\/\/api.w.org\/{rel}","templated":true}]}}