{"id":882,"date":"2021-07-27T16:53:28","date_gmt":"2021-07-27T21:53:28","guid":{"rendered":"https:\/\/efructifera.com\/es\/?page_id=882"},"modified":"2021-09-07T18:46:12","modified_gmt":"2021-09-07T23:46:12","slug":"banano-cavendish","status":"publish","type":"page","link":"https:\/\/efructifera.com\/es\/banano-cavendish\/","title":{"rendered":"BANANO CAVENDISH"},"content":{"rendered":"\t<section class=\"section\" id=\"section_1195656003\">\n\t\t<div class=\"bg section-bg fill bg-fill  bg-loaded\" >\n\n\t\t\t\n\t\t\t\n\t\t\t\n\n\t\t<\/div>\n\n\t\t<div class=\"section-content relative\">\n\t\t\t\n<div class=\"row align-equal\"  id=\"row-402858382\">\n\n\t<div id=\"col-884469125\" class=\"col medium-7 small-12 large-7\"  >\n\t\t<div class=\"col-inner\"  >\n\t\t\t\n\t\t\t\n<div class=\"row\"  id=\"row-182646428\">\n\n\t<div id=\"col-1243585909\" class=\"col small-12 large-12\"  >\n\t\t<div class=\"col-inner\"  >\n\t\t\t\n\t\t\t\n\t<div id=\"text-2837520791\" class=\"text mbzero\">\n\t\t\n<h1>BANANO CAVENDISH<\/h1>\n\t\t\n<style>\n#text-2837520791 {\n  font-size: 1.5rem;\n  text-align: left;\n  color: #7a9c59;\n}\n#text-2837520791 > * {\n  color: #7a9c59;\n}\n<\/style>\n\t<\/div>\n\t\n<div class=\"is-divider divider clearfix\" style=\"margin-top:0.3em;margin-bottom:0.3em;\"><\/div>\n<div class=\"slider-wrapper relative\" id=\"slider-284992563\" >\n    <div class=\"slider slider-type-fade slider-nav-dots-dashes-spaced slider-nav-simple slider-nav-normal slider-nav-dark slider-nav-outside slider-style-normal\"\n        data-flickity-options='{\n            \"cellAlign\": \"center\",\n            \"imagesLoaded\": true,\n            \"lazyLoad\": 1,\n            \"freeScroll\": false,\n            \"wrapAround\": true,\n            \"autoPlay\": 4000,\n            \"pauseAutoPlayOnHover\" : true,\n            \"prevNextButtons\": true,\n            \"contain\" : true,\n            \"adaptiveHeight\" : true,\n            \"dragThreshold\" : 10,\n            \"percentPosition\": true,\n            \"pageDots\": true,\n            \"rightToLeft\": false,\n            \"draggable\": true,\n            \"selectedAttraction\": 0.1,\n            \"parallax\" : 0,\n            \"friction\": 0.6        }'\n        >\n        \n\t<div class=\"img has-hover x md-x lg-x y md-y lg-y\" id=\"image_60407171\">\n\t\t\t\t\t\t\t\t<div class=\"img-inner dark\" >\n\t\t\t<img loading=\"lazy\" decoding=\"async\" width=\"612\" height=\"408\" src=\"https:\/\/efructifera.com\/es\/wp-content\/uploads\/2021\/07\/cavendish-banana-1.jpg\" class=\"attachment-original size-original\" alt=\"\" srcset=\"https:\/\/efructifera.com\/es\/wp-content\/uploads\/2021\/07\/cavendish-banana-1.jpg 612w, https:\/\/efructifera.com\/es\/wp-content\/uploads\/2021\/07\/cavendish-banana-1-400x267.jpg 400w\" sizes=\"auto, (max-width: 612px) 100vw, 612px\" \/>\t\t\t\t\t\t\n\t\t\t\t\t<\/div>\n\t\t\t\t\t\t\t\t\n<style>\n#image_60407171 {\n  width: 100%;\n}\n<\/style>\n\t<\/div>\n\t\n\t<div class=\"img has-hover x md-x lg-x y md-y lg-y\" id=\"image_1115840701\">\n\t\t\t\t\t\t\t\t<div class=\"img-inner dark\" >\n\t\t\t<img loading=\"lazy\" decoding=\"async\" width=\"1020\" height=\"681\" src=\"https:\/\/efructifera.com\/es\/wp-content\/uploads\/2021\/09\/cavendish-02.jpg\" class=\"attachment-large size-large\" alt=\"\" srcset=\"https:\/\/efructifera.com\/es\/wp-content\/uploads\/2021\/09\/cavendish-02.jpg 1590w, https:\/\/efructifera.com\/es\/wp-content\/uploads\/2021\/09\/cavendish-02-400x267.jpg 400w, https:\/\/efructifera.com\/es\/wp-content\/uploads\/2021\/09\/cavendish-02-768x513.jpg 768w, https:\/\/efructifera.com\/es\/wp-content\/uploads\/2021\/09\/cavendish-02-1536x1026.jpg 1536w\" sizes=\"auto, (max-width: 1020px) 100vw, 1020px\" \/>\t\t\t\t\t\t\n\t\t\t\t\t<\/div>\n\t\t\t\t\t\t\t\t\n<style>\n#image_1115840701 {\n  width: 100%;\n}\n<\/style>\n\t<\/div>\n\t\n\t<div class=\"img has-hover x md-x lg-x y md-y lg-y\" id=\"image_432323595\">\n\t\t\t\t\t\t\t\t<div class=\"img-inner dark\" >\n\t\t\t<img loading=\"lazy\" decoding=\"async\" width=\"612\" height=\"408\" src=\"https:\/\/efructifera.com\/es\/wp-content\/uploads\/2021\/07\/NORMALLLL.jpg\" class=\"attachment-original size-original\" alt=\"\" srcset=\"https:\/\/efructifera.com\/es\/wp-content\/uploads\/2021\/07\/NORMALLLL.jpg 612w, https:\/\/efructifera.com\/es\/wp-content\/uploads\/2021\/07\/NORMALLLL-400x267.jpg 400w\" sizes=\"auto, (max-width: 612px) 100vw, 612px\" \/>\t\t\t\t\t\t\n\t\t\t\t\t<\/div>\n\t\t\t\t\t\t\t\t\n<style>\n#image_432323595 {\n  width: 100%;\n}\n<\/style>\n\t<\/div>\n\t\n     <\/div>\n\n     <div class=\"loading-spin dark large centered\"><\/div>\n\n     \t<\/div>\n\n\n\t<div id=\"gap-1909655671\" class=\"gap-element clearfix\" style=\"display:block; height:auto;\">\n\t\t\n<style>\n#gap-1909655671 {\n  padding-top: 30px;\n}\n<\/style>\n\t<\/div>\n\t\n\t<div id=\"text-2949136624\" class=\"text justificar\">\n\t\t\n<p><strong>Ecuador es l\u00edder en exportaciones de banano en el mundo<\/strong>, como muestra est\u00e1n los supermercados internacionales para constatar que 1 de cada 4 bananos consumidos en todo el mundo son producidos en territorio ecuatoriano. El 25% de la oferta mundial de banano proviene de Ecuador, siendo el mayor exportador en el mundo.<\/p>\n<p>El banano Cavendish es un fruto delicioso y nutritivo. Es una fuente importante de potasio, magnesio, fosforo, zinc y calcio. Provee un gran aporte de vitamina A, C, \u00e1cido f\u00f3lico, taninos y fibra soluble, por lo que es de f\u00e1cil digesti\u00f3n y adem\u00e1s brinda protecci\u00f3n g\u00e1strica.<\/p>\n<p>La actividad bananera genera fuentes de trabajo e ingresos aproximadamente a 2 millones de personas involucradas en las diferentes etapas de su cadena de valor.<\/p>\n<p style=\"text-align: center;\"><span style=\"font-size: 120%;\"><strong>The banana activity generates sources of work and income for approximately 2 million people involved in the different stages of its value chain.<\/strong><\/span><\/p>\n\t\t\t<\/div>\n\t\n\t\t<\/div>\n\t\t\t<\/div>\n\n\t\n<\/div>\n\t<div id=\"gap-83333040\" class=\"gap-element clearfix\" style=\"display:block; height:auto;\">\n\t\t\n<style>\n#gap-83333040 {\n  padding-top: 30px;\n}\n<\/style>\n\t<\/div>\n\t\n\t<div id=\"text-1968369697\" class=\"text\">\n\t\t\n<h2>Nuestras marcas\u00a0<\/h2>\n\t\t\n<style>\n#text-1968369697 {\n  font-size: 1.25rem;\n  text-align: center;\n  color: rgb(122, 156, 89);\n}\n#text-1968369697 > * {\n  color: rgb(122, 156, 89);\n}\n<\/style>\n\t<\/div>\n\t\n<div class=\"text-center\"><div class=\"is-divider divider clearfix\" style=\"margin-top:0.3em;margin-bottom:0.3em;max-width:90px;\"><\/div><\/div>\n<div class=\"row row-collapse\"  id=\"row-792941429\">\n\n\t<div id=\"col-135902844\" class=\"col medium-6 small-12 large-6\"  >\n\t\t<div class=\"col-inner text-center\"  >\n\t\t\t\n\t\t\t\n<div class=\"ux-logo has-hover align-middle ux_logo inline-block\" style=\"max-width: 100%!important; width: 215.11px!important\"><div class=\"ux-logo-link block image-\" title=\"\"  href=\"\" style=\"padding: 15px;\"><img decoding=\"async\" src=\"https:\/\/efructifera.com\/es\/wp-content\/uploads\/2021\/07\/fruxical.webp\" title=\"\" alt=\"\" class=\"ux-logo-image block\" style=\"height:107px;\" \/><\/div><\/div>\n<div class=\"row\"  id=\"row-1502769143\">\n\n\t<div id=\"col-2000037510\" class=\"col small-12 large-12\"  >\n\t\t<div class=\"col-inner\"  >\n\t\t\t\n\t\t\t\n<div class=\"text-center\"><div class=\"is-divider divider clearfix\" ><\/div><\/div>\n\t<div id=\"text-4241441903\" class=\"text mbzero\">\n\t\t\n<pclass=\"mbzero\" style=\"text-align: center;\"><strong>Variedad:<\/strong> Cavendish<\/p>\n\t\t\n<style>\n#text-4241441903 {\n  text-align: center;\n}\n<\/style>\n\t<\/div>\n\t\n<div class=\"text-center\"><div class=\"is-divider divider clearfix\" style=\"margin-top:0.4em;margin-bottom:0.4em;max-width:100%;height:1px;\"><\/div><\/div>\n\t<div id=\"text-1444264030\" class=\"text\">\n\t\t\n<p class=\"mbzero\" style=\"text-align: center;\"><strong>Clase:<\/strong> \u00abA\u00bb Premium. <\/p>\n\t\t\n<style>\n#text-1444264030 {\n  text-align: center;\n}\n<\/style>\n\t<\/div>\n\t\n<div class=\"text-center\"><div class=\"is-divider divider clearfix\" style=\"margin-top:0.4em;margin-bottom:0.4em;max-width:100%;height:1px;\"><\/div><\/div>\n\t<div id=\"text-1577157091\" class=\"text\">\n\t\t\n<p class=\"mbzero\" style=\"text-align: center;\"><strong>Presentaci\u00f3n:<\/strong> 22XU (18.14 kg or 19.45 kg)<\/p>\n\t\t\n<style>\n#text-1577157091 {\n  text-align: center;\n}\n<\/style>\n\t<\/div>\n\t\n\t<div id=\"gap-59370593\" class=\"gap-element clearfix\" style=\"display:block; height:auto;\">\n\t\t\n<style>\n#gap-59370593 {\n  padding-top: 40px;\n}\n<\/style>\n\t<\/div>\n\t\n\t\t<\/div>\n\t\t\t<\/div>\n\n\t\n<\/div>\n\t\t<\/div>\n\t\t\t<\/div>\n\n\t\n\n\t<div id=\"col-212098063\" class=\"col medium-6 small-12 large-6\"  >\n\t\t<div class=\"col-inner text-center\"  >\n\t\t\t\n\t\t\t\n<div class=\"ux-logo has-hover align-middle ux_logo inline-block\" style=\"max-width: 100%!important; width: 215.11px!important\"><div class=\"ux-logo-link block image-\" title=\"\"  href=\"\" style=\"padding: 15px;\"><img decoding=\"async\" src=\"https:\/\/efructifera.com\/es\/wp-content\/uploads\/2021\/07\/utropica.webp\" title=\"\" alt=\"\" class=\"ux-logo-image block\" style=\"height:107px;\" \/><\/div><\/div>\n<div class=\"text-center\"><div class=\"is-divider divider clearfix\" ><\/div><\/div>\n<div class=\"row\"  id=\"row-1069063148\">\n\n\t<div id=\"col-710643174\" class=\"col small-12 large-12\"  >\n\t\t<div class=\"col-inner\"  >\n\t\t\t\n\t\t\t\n<p class=\"mbzero\" style=\"text-align: center;\"><strong>Variedad:<\/strong> Cavendish <\/p>\n<div class=\"text-center\"><div class=\"is-divider divider clearfix\" style=\"margin-top:0.4em;margin-bottom:0.4em;max-width:100%;height:1px;\"><\/div><\/div>\n<p class=\"mbzero\" style=\"text-align: center;\"><strong>Clase:<\/strong> \u00abA\u00bb Premium.<\/p>\n<div class=\"text-center\"><div class=\"is-divider divider clearfix\" style=\"margin-top:0.4em;margin-bottom:0.4em;max-width:100%;height:1px;\"><\/div><\/div>\n<p class=\"mbzero\" style=\"text-align: center;\"><strong>Presentaci\u00f3n: <\/strong>208 (13.6 kg)<strong><br \/><\/strong><\/p>\n\t\t<\/div>\n\t\t\t<\/div>\n\n\t\n<\/div>\n\t\t<\/div>\n\t\t\t<\/div>\n\n\t\n\n<style>\n#row-792941429 > .col > .col-inner {\n  padding: 0px 30px 0px 30px;\n}\n<\/style>\n<\/div>\n\t\t<\/div>\n\t\t\t<\/div>\n\n\t\n\n\t<div id=\"col-960373098\" class=\"col medium-5 small-12 large-5\"  >\n\t\t<div class=\"col-inner\" style=\"background-color:rgb(250, 248, 245);\" >\n\t\t\t\n\t<div class=\"is-border\"\n\t\tstyle=\"border-color:rgba(239, 234, 226, 0.419);border-width:1px 1px 1px 1;margin:0px 0px 0 0px;\">\n\t<\/div>\n\t\t\t\n<div class=\"row\"  id=\"row-966546744\">\n\n\t<div id=\"col-412036730\" class=\"col small-12 large-12\"  >\n\t\t<div class=\"col-inner\"  >\n\t\t\t\n\t\t\t\n\t<div id=\"text-2962749943\" class=\"text mbzero\">\n\t\t\n<h4>Especificaciones<\/h4>\n\t\t\n<style>\n#text-2962749943 {\n  font-size: 1rem;\n  color: #89c161;\n}\n#text-2962749943 > * {\n  color: #89c161;\n}\n<\/style>\n\t<\/div>\n\t\n<div class=\"is-divider divider clearfix\" style=\"margin-top:0.3em;margin-bottom:0.3em;\"><\/div>\n\t<div id=\"gap-1305713075\" class=\"gap-element clearfix\" style=\"display:block; height:auto;\">\n\t\t\n<style>\n#gap-1305713075 {\n  padding-top: 12px;\n}\n<\/style>\n\t<\/div>\n\t\n\t<div id=\"text-3812703256\" class=\"text\">\n\t\t\n<ul class=\"alt-font\">\n<li><strong>Nombre cient\u00edfico:<\/strong> Musa acuminata<\/li>\n<li><strong>Variedad:<\/strong> Cavendish<\/li>\n<li><strong>Origen:<\/strong> Ecuador<\/li>\n<li><strong>Transporte:<\/strong> Mar\u00edtimo<\/li>\n<li><strong>Presentaci\u00f3n:<\/strong> Cajas de cart\u00f3n, 2 tama\u00f1os<\/li>\n<li><strong>Peso neto:<\/strong> 13.5 kg y 19.25 kg<\/li>\n<li><strong>Cajas\/Pallet:<\/strong> 54\/70<\/li>\n<li><strong>Pallets \/Contenedor:<\/strong> 20<\/li>\n<li><strong>Cajas\/Contenedor:<\/strong> 1080\/1400<\/li>\n<li><strong>Cajas\/Contenedor (no paletizado):<\/strong> 1200\/1540<\/li>\n<\/ul>\n\t\t\n<style>\n#text-3812703256 {\n  font-size: 1rem;\n  line-height: 1;\n  text-align: left;\n}\n<\/style>\n\t<\/div>\n\t\n\t<div id=\"gap-603084058\" class=\"gap-element clearfix\" style=\"display:block; height:auto;\">\n\t\t\n<style>\n#gap-603084058 {\n  padding-top: 30px;\n}\n<\/style>\n\t<\/div>\n\t\n\t<div id=\"text-4253800646\" class=\"text mbzero\">\n\t\t\n<h4>Temporada<\/h4>\n\t\t\n<style>\n#text-4253800646 {\n  font-size: 1rem;\n  color: #89c161;\n}\n#text-4253800646 > * {\n  color: #89c161;\n}\n<\/style>\n\t<\/div>\n\t\n<div class=\"is-divider divider clearfix\" style=\"margin-top:0.3em;margin-bottom:0.3em;\"><\/div>\n<p>Disponible todo el a\u00f1o<\/p>\n\t<div id=\"gap-2132501316\" class=\"gap-element clearfix\" style=\"display:block; height:auto;\">\n\t\t\n<style>\n#gap-2132501316 {\n  padding-top: 30px;\n}\n<\/style>\n\t<\/div>\n\t\n\t<div id=\"text-2283504372\" class=\"text mbzero\">\n\t\t\n<h4>Producci\u00f3n<\/h4>\n\t\t\n<style>\n#text-2283504372 {\n  font-size: 1rem;\n  color: #89c161;\n}\n#text-2283504372 > * {\n  color: #89c161;\n}\n<\/style>\n\t<\/div>\n\t\n<div class=\"is-divider divider clearfix\" style=\"margin-top:0.3em;margin-bottom:0.3em;\"><\/div>\n<p>300 hect\u00e1reas.<\/p>\n\t<div id=\"gap-744703110\" class=\"gap-element clearfix\" style=\"display:block; height:auto;\">\n\t\t\n<style>\n#gap-744703110 {\n  padding-top: 30px;\n}\n<\/style>\n\t<\/div>\n\t\n\t<div id=\"text-1397733328\" class=\"text mbzero\">\n\t\t\n<h4>Pa\u00edses de destino<\/h4>\n\t\t\n<style>\n#text-1397733328 {\n  font-size: 1rem;\n  color: #89c161;\n}\n#text-1397733328 > * {\n  color: #89c161;\n}\n<\/style>\n\t<\/div>\n\t\n<div class=\"is-divider divider clearfix\" style=\"margin-top:0.3em;margin-bottom:0.3em;\"><\/div>\n<p>Estados Unidos, Francia, Lituania,  Polonia, Italia, Ucrania, Espa\u00f1a, Rusia y China<\/p>\n\t<div id=\"gap-986058397\" class=\"gap-element clearfix\" style=\"display:block; height:auto;\">\n\t\t\n<style>\n#gap-986058397 {\n  padding-top: 30px;\n}\n<\/style>\n\t<\/div>\n\t\n\t<div id=\"text-1825435586\" class=\"text mbzero\">\n\t\t\n<h4>Certificaciones<\/h4>\n\t\t\n<style>\n#text-1825435586 {\n  font-size: 1rem;\n  color: #89c161;\n}\n#text-1825435586 > * {\n  color: #89c161;\n}\n<\/style>\n\t<\/div>\n\t\n<div class=\"is-divider divider clearfix\" style=\"margin-top:0.3em;margin-bottom:0.3em;\"><\/div>\n<div class=\"row\"  id=\"row-1867965897\">\n\n\t<div id=\"col-1007058684\" class=\"col small-12 large-12\"  >\n\t\t<div class=\"col-inner text-center\"  >\n\t\t\t\n\t\t\t\n<div class=\"ux-logo has-hover align-middle ux_logo inline-block\" style=\"max-width: 100%!important; width: 194.72px!important\"><div class=\"ux-logo-link block image-\" title=\"\"  href=\"\" style=\"padding: 15px;\"><img decoding=\"async\" src=\"https:\/\/efructifera.com\/es\/wp-content\/uploads\/2021\/05\/globalgap.png\" title=\"\" alt=\"\" class=\"ux-logo-image block\" style=\"height:71px;\" \/><\/div><\/div>\n<div class=\"ux-logo has-hover align-middle ux_logo inline-block\" style=\"max-width: 100%!important; width: 102px!important\"><div class=\"ux-logo-link block image-\" title=\"\"  href=\"\" style=\"padding: 15px;\"><img decoding=\"async\" src=\"https:\/\/efructifera.com\/es\/wp-content\/uploads\/2021\/05\/grasp.png\" title=\"\" alt=\"\" class=\"ux-logo-image block\" style=\"height:72px;\" \/><\/div><\/div>\n\t\t<\/div>\n\t\t\t<\/div>\n\n\t\n<\/div>\n\t\t<\/div>\n\t\t\n<style>\n#col-412036730 > .col-inner {\n  padding: 0px 0px 0 0px;\n}\n<\/style>\n\t<\/div>\n\n\t\n\n<style>\n#row-966546744 > .col > .col-inner {\n  padding: 30px 30px 25px 30px;\n}\n<\/style>\n<\/div>\n\t\t<\/div>\n\t\t\n<style>\n#col-960373098 > .col-inner {\n  padding: 0px 0px 0 0px;\n  margin: 0px 0px 0 0px;\n}\n<\/style>\n\t<\/div>\n\n\t\n\n<style>\n#row-402858382 > .col > .col-inner {\n  padding: 0px 0px 0 0px;\n}\n<\/style>\n<\/div>\n<div class=\"row align-middle\"  id=\"row-38736518\">\n\n\t<div id=\"col-1953938543\" class=\"col hide-for-medium medium-7 small-12 large-7\"  >\n\t\t<div class=\"col-inner\"  >\n\t\t\t\n\t\t\t\n<div class=\"row\"  id=\"row-754301845\">\n\n\t<div id=\"col-75496242\" class=\"col medium-2 small-12 large-2\"  >\n\t\t<div class=\"col-inner\"  >\n\t\t\t\n\t\t\t\n\t\t<\/div>\n\t\t\t<\/div>\n\n\t\n\n\t<div id=\"col-1803933731\" class=\"col medium-8 small-12 large-8\"  >\n\t\t<div class=\"col-inner\"  >\n\t\t\t\n\t\t\t\n\t<div id=\"text-1506002038\" class=\"text\">\n\t\t\n<h5>Earthfruct\u00edfera exporta banano Cavendish de la mejor calidad<\/h5>\n\t\t\n<style>\n#text-1506002038 {\n  font-size: 1.25rem;\n  line-height: 1.5;\n  text-align: center;\n  color: #7a9c59;\n}\n#text-1506002038 > * {\n  color: #7a9c59;\n}\n<\/style>\n\t<\/div>\n\t\n\t\t<\/div>\n\t\t\t<\/div>\n\n\t\n\n\t<div id=\"col-1736023635\" class=\"col medium-2 small-12 large-2\"  >\n\t\t<div class=\"col-inner\"  >\n\t\t\t\n\t\t\t\n\t\t<\/div>\n\t\t\t<\/div>\n\n\t\n<\/div>\n\t\t<\/div>\n\t\t\t<\/div>\n\n\t\n\n\t<div id=\"col-746135258\" class=\"col medium-5 small-12 large-5\"  >\n\t\t<div class=\"col-inner box-shadow-2\" style=\"background-color:rgb(137, 193, 97);\" >\n\t\t\t\n\t\t\t\n<div class=\"row row-collapse align-middle align-center\"  id=\"row-1074615828\">\n\n\t<div id=\"col-901830767\" class=\"col medium-4 small-12 large-4\"  data-animate=\"bounceIn\">\n\t\t<div class=\"col-inner\" style=\"background-color:#89c161;\" >\n\t\t\t\n\t\t\t\n\t<div id=\"text-4291451825\" class=\"text\">\n\t\t\n<h2 class=\"mbzero ls1px\">+1M<\/h2>\n\t\t\n<style>\n#text-4291451825 {\n  font-size: 2.25rem;\n  text-align: center;\n  color: rgb(255, 255, 255);\n}\n#text-4291451825 > * {\n  color: rgb(255, 255, 255);\n}\n<\/style>\n\t<\/div>\n\t\n\t\t<\/div>\n\t\t\n<style>\n#col-901830767 > .col-inner {\n  padding: 0px 0px 12px 0px;\n  margin: 0px 0px 0px 0px;\n}\n<\/style>\n\t<\/div>\n\n\t\n\n\t<div id=\"col-1342717485\" class=\"col medium-8 small-12 large-8\"  data-animate=\"blurIn\">\n\t\t<div class=\"col-inner\"  >\n\t\t\t\n\t\t\t\n\t<div id=\"text-1856195487\" class=\"text\">\n\t\t\n<p>En el a\u00f1o 2020 EarthFruct\u00edfera export\u00f3 m\u00e1s de 1 mill\u00f3n de toneladas de banano.<\/p>\n\t\t\n<style>\n#text-1856195487 {\n  font-size: 1rem;\n  line-height: 1.25;\n  text-align: left;\n  color: rgb(255, 255, 255);\n}\n#text-1856195487 > * {\n  color: rgb(255, 255, 255);\n}\n<\/style>\n\t<\/div>\n\t\n\t\t<\/div>\n\t\t\n<style>\n#col-1342717485 > .col-inner {\n  padding: 25px 0px 0px 0px;\n  margin: 23px 0px 0px 0px;\n}\n<\/style>\n\t<\/div>\n\n\t\n\n<style>\n#row-1074615828 > .col > .col-inner {\n  padding: 0px 15px 0px 14px;\n  background-color: rgb(137, 193, 97);\n}\n<\/style>\n<\/div>\n\t\t<\/div>\n\t\t\n<style>\n#col-746135258 > .col-inner {\n  padding: 0px 0px 0 0px;\n  margin: -15px 0px 0px 0px;\n}\n<\/style>\n\t<\/div>\n\n\t\n<\/div>\n\t\t<\/div>\n\n\t\t\n<style>\n#section_1195656003 {\n  padding-top: 79px;\n  padding-bottom: 79px;\n}\n<\/style>\n\t<\/section>\n\t\n","protected":false},"excerpt":{"rendered":"","protected":false},"author":1,"featured_media":0,"parent":0,"menu_order":0,"comment_status":"closed","ping_status":"closed","template":"page-blank.php","meta":{"ngg_post_thumbnail":0,"footnotes":""},"class_list":["post-882","page","type-page","status-publish","hentry"],"jetpack_sharing_enabled":true,"_links":{"self":[{"href":"https:\/\/efructifera.com\/es\/wp-json\/wp\/v2\/pages\/882","targetHints":{"allow":["GET"]}}],"collection":[{"href":"https:\/\/efructifera.com\/es\/wp-json\/wp\/v2\/pages"}],"about":[{"href":"https:\/\/efructifera.com\/es\/wp-json\/wp\/v2\/types\/page"}],"author":[{"embeddable":true,"href":"https:\/\/efructifera.com\/es\/wp-json\/wp\/v2\/users\/1"}],"replies":[{"embeddable":true,"href":"https:\/\/efructifera.com\/es\/wp-json\/wp\/v2\/comments?post=882"}],"version-history":[{"count":5,"href":"https:\/\/efructifera.com\/es\/wp-json\/wp\/v2\/pages\/882\/revisions"}],"predecessor-version":[{"id":1428,"href":"https:\/\/efructifera.com\/es\/wp-json\/wp\/v2\/pages\/882\/revisions\/1428"}],"wp:attachment":[{"href":"https:\/\/efructifera.com\/es\/wp-json\/wp\/v2\/media?parent=882"}],"curies":[{"name":"wp","href":"https:\/\/api.w.org\/{rel}","templated":true}]}}