{"id":635,"date":"2021-07-07T11:34:00","date_gmt":"2021-07-07T16:34:00","guid":{"rendered":"https:\/\/efructifera.com\/es\/?page_id=635"},"modified":"2021-09-07T18:31:23","modified_gmt":"2021-09-07T23:31:23","slug":"baby-banana","status":"publish","type":"page","link":"https:\/\/efructifera.com\/es\/baby-banana\/","title":{"rendered":"BABY BANANA"},"content":{"rendered":"\t<section class=\"section\" id=\"section_1064783097\">\n\t\t<div class=\"bg section-bg fill bg-fill  bg-loaded\" >\n\n\t\t\t\n\t\t\t\n\t\t\t\n\n\t\t<\/div>\n\n\t\t<div class=\"section-content relative\">\n\t\t\t\n<div class=\"row align-equal\"  id=\"row-1573261140\">\n\n\t<div id=\"col-1911215856\" class=\"col medium-7 small-12 large-7\"  >\n\t\t<div class=\"col-inner\"  >\n\t\t\t\n\t\t\t\n<div class=\"row\"  id=\"row-1784667769\">\n\n\t<div id=\"col-961666488\" class=\"col small-12 large-12\"  >\n\t\t<div class=\"col-inner\"  >\n\t\t\t\n\t\t\t\n\t<div id=\"text-298801643\" class=\"text mbzero\">\n\t\t\n<h1>BABY BANANA<\/h1>\n\t\t\n<style>\n#text-298801643 {\n  font-size: 1.5rem;\n  text-align: left;\n  color: #7a9c59;\n}\n#text-298801643 > * {\n  color: #7a9c59;\n}\n<\/style>\n\t<\/div>\n\t\n<div class=\"is-divider divider clearfix\" style=\"margin-top:0.3em;margin-bottom:0.3em;\"><\/div>\n<div class=\"slider-wrapper relative\" id=\"slider-900459747\" >\n    <div class=\"slider slider-type-fade slider-nav-dots-dashes-spaced slider-nav-simple slider-nav-normal slider-nav-dark slider-nav-outside slider-style-normal\"\n        data-flickity-options='{\n            \"cellAlign\": \"center\",\n            \"imagesLoaded\": true,\n            \"lazyLoad\": 1,\n            \"freeScroll\": false,\n            \"wrapAround\": true,\n            \"autoPlay\": 4000,\n            \"pauseAutoPlayOnHover\" : true,\n            \"prevNextButtons\": true,\n            \"contain\" : true,\n            \"adaptiveHeight\" : true,\n            \"dragThreshold\" : 10,\n            \"percentPosition\": true,\n            \"pageDots\": true,\n            \"rightToLeft\": false,\n            \"draggable\": true,\n            \"selectedAttraction\": 0.1,\n            \"parallax\" : 0,\n            \"friction\": 0.6        }'\n        >\n        \n\t<div class=\"img has-hover x md-x lg-x y md-y lg-y\" id=\"image_1444489689\">\n\t\t\t\t\t\t\t\t<div class=\"img-inner dark\" >\n\t\t\t<img loading=\"lazy\" decoding=\"async\" width=\"800\" height=\"533\" src=\"https:\/\/efructifera.com\/es\/wp-content\/uploads\/2021\/09\/baby-banana1-e1630870583399.jpg\" class=\"attachment-original size-original\" alt=\"\" \/>\t\t\t\t\t\t\n\t\t\t\t\t<\/div>\n\t\t\t\t\t\t\t\t\n<style>\n#image_1444489689 {\n  width: 100%;\n}\n<\/style>\n\t<\/div>\n\t\n\t<div class=\"img has-hover x md-x lg-x y md-y lg-y\" id=\"image_474377004\">\n\t\t\t\t\t\t\t\t<div class=\"img-inner dark\" >\n\t\t\t<img loading=\"lazy\" decoding=\"async\" width=\"1020\" height=\"680\" src=\"https:\/\/efructifera.com\/es\/wp-content\/uploads\/2021\/09\/baby-banana3.jpg\" class=\"attachment-large size-large\" alt=\"\" srcset=\"https:\/\/efructifera.com\/es\/wp-content\/uploads\/2021\/09\/baby-banana3.jpg 1620w, https:\/\/efructifera.com\/es\/wp-content\/uploads\/2021\/09\/baby-banana3-400x267.jpg 400w, https:\/\/efructifera.com\/es\/wp-content\/uploads\/2021\/09\/baby-banana3-768x512.jpg 768w, https:\/\/efructifera.com\/es\/wp-content\/uploads\/2021\/09\/baby-banana3-1536x1024.jpg 1536w\" sizes=\"auto, (max-width: 1020px) 100vw, 1020px\" \/>\t\t\t\t\t\t\n\t\t\t\t\t<\/div>\n\t\t\t\t\t\t\t\t\n<style>\n#image_474377004 {\n  width: 100%;\n}\n<\/style>\n\t<\/div>\n\t\n     <\/div>\n\n     <div class=\"loading-spin dark large centered\"><\/div>\n\n     \t<\/div>\n\n\n\t<div id=\"gap-1625740286\" class=\"gap-element clearfix\" style=\"display:block; height:auto;\">\n\t\t\n<style>\n#gap-1625740286 {\n  padding-top: 30px;\n}\n<\/style>\n\t<\/div>\n\t\n\t<div id=\"text-2719821395\" class=\"text justificar\">\n\t\t\n<p>Tambi\u00e9n es conocida como una variedad m\u00e1s peque\u00f1a y silvestre que la variedad Cavendish. Es exportada principalmente a Estados Unidos, Uni\u00f3n Europea, Rusia y China. Su producci\u00f3n se encuentra localizada en las provincias de Cotopaxi, Santo Domingo, El Oro y Bol\u00edvar. Su manejo es de manera org\u00e1nica y tradicional por m\u00e1s de 500 peque\u00f1os y medianos productores del pa\u00eds<\/p>\n<p>Debido a su tama\u00f1o es f\u00e1cil de llevar a todas partes, adem\u00e1s de su excelente sabor y sus cualidades nutricionales y energ\u00e9ticas.<\/p>\n\t\t\t<\/div>\n\t\n\t<div id=\"gap-1374681670\" class=\"gap-element clearfix\" style=\"display:block; height:auto;\">\n\t\t\n<style>\n#gap-1374681670 {\n  padding-top: 52px;\n}\n<\/style>\n\t<\/div>\n\t\n\t\t<\/div>\n\t\t\t<\/div>\n\n\t\n<\/div>\n<div class=\"row\"  id=\"row-818953891\">\n\n\t<div id=\"col-355444972\" class=\"col small-12 large-12\"  >\n\t\t<div class=\"col-inner text-center\"  >\n\t\t\t\n\t\t\t\n\t<div id=\"text-717017199\" class=\"text\">\n\t\t\n<h2 style=\"text-align: center;\">Nuestras marcas<\/h2>\n\t\t\n<style>\n#text-717017199 {\n  font-size: 1.25rem;\n  text-align: center;\n  color: #7a9c59;\n}\n#text-717017199 > * {\n  color: #7a9c59;\n}\n<\/style>\n\t<\/div>\n\t\n<div class=\"text-center\"><div class=\"is-divider divider clearfix\" style=\"margin-top:0.3em;margin-bottom:0.3em;max-width:90px;background-color:rgb(210, 210, 210);\"><\/div><\/div>\n\t<div id=\"gap-657001658\" class=\"gap-element clearfix\" style=\"display:block; height:auto;\">\n\t\t\n<style>\n#gap-657001658 {\n  padding-top: 30px;\n}\n<\/style>\n\t<\/div>\n\t\n<div class=\"ux-logo has-hover align-middle ux_logo inline-block\" style=\"max-width: 100%!important; width: 148.83495145631px!important\"><div class=\"ux-logo-link block image-\" title=\"\"  href=\"\" style=\"padding: 15px;\"><img decoding=\"async\" src=\"https:\/\/efructifera.com\/es\/wp-content\/uploads\/2021\/07\/cambur.webp\" title=\"\" alt=\"\" class=\"ux-logo-image block\" style=\"height:90px;\" \/><\/div><\/div>\n<div class=\"ux-logo has-hover align-middle ux_logo inline-block\" style=\"max-width: 100%!important; width: 227.92307692308px!important\"><div class=\"ux-logo-link block image-\" title=\"\"  href=\"\" style=\"padding: 15px;\"><img decoding=\"async\" src=\"https:\/\/efructifera.com\/es\/wp-content\/uploads\/2021\/09\/logoEF-products.svg\" title=\"\" alt=\"\" class=\"ux-logo-image block\" style=\"height:83px;\" \/><\/div><\/div>\n<div class=\"ux-logo has-hover align-middle ux_logo inline-block\" style=\"max-width: 100%!important; width: 185.7px!important\"><div class=\"ux-logo-link block image-\" title=\"\"  href=\"\" style=\"padding: 15px;\"><img decoding=\"async\" src=\"https:\/\/efructifera.com\/es\/wp-content\/uploads\/2021\/07\/fruxical.webp\" title=\"\" alt=\"\" class=\"ux-logo-image block\" style=\"height:90px;\" \/><\/div><\/div>\n<div class=\"text-center\"><div class=\"is-divider divider clearfix\" style=\"margin-top:0.4em;margin-bottom:0.4em;max-width:345px;height:1px;\"><\/div><\/div>\n\t<div id=\"text-2232890307\" class=\"text mbzero\">\n\t\t\n<p class=\"mbzero\" style=\"text-align: center;\"><strong>Variedad:<\/strong> Lady Finger<\/p>\n\t\t\n<style>\n#text-2232890307 {\n  text-align: center;\n}\n<\/style>\n\t<\/div>\n\t\n<div class=\"text-center\"><div class=\"is-divider divider clearfix\" style=\"margin-top:0.4em;margin-bottom:0.4em;max-width:345px;height:1px;\"><\/div><\/div>\n\t<div id=\"text-4265049989\" class=\"text mbzero\">\n\t\t\n<p class=\"mbzero\" style=\"text-align: center;\"><strong>Clase:<\/strong> \u00abA\u00bb Premium<\/p>\n\t\t\n<style>\n#text-4265049989 {\n  text-align: center;\n}\n<\/style>\n\t<\/div>\n\t\n<div class=\"text-center\"><div class=\"is-divider divider clearfix\" style=\"margin-top:0.4em;margin-bottom:0.4em;max-width:345px;height:1px;\"><\/div><\/div>\n\t<div id=\"text-3184672391\" class=\"text mbzero\">\n\t\t\n<p class=\"mbzero\" style=\"text-align: center;\"><strong>Presentaci\u00f3n:<\/strong> 7.5 kg and 4.5 kg<\/p>\n\t\t\n<style>\n#text-3184672391 {\n  text-align: center;\n}\n<\/style>\n\t<\/div>\n\t\n\t\t<\/div>\n\t\t\t<\/div>\n\n\t\n<\/div>\n\t<div id=\"gap-1584551105\" class=\"gap-element clearfix\" style=\"display:block; height:auto;\">\n\t\t\n<style>\n#gap-1584551105 {\n  padding-top: 64px;\n}\n<\/style>\n\t<\/div>\n\t\n\t<div id=\"text-3970562672\" class=\"text\">\n\t\t\n<p><P>Earthfructifera es uno de los principales exportadores de Baby banana del Ecuador.<\/p>\n\t\t\n<style>\n#text-3970562672 {\n  font-size: 1.5rem;\n  line-height: 1.25;\n  text-align: center;\n  color: #7a9c59;\n}\n#text-3970562672 > * {\n  color: #7a9c59;\n}\n<\/style>\n\t<\/div>\n\t\n\t\t<\/div>\n\t\t\t<\/div>\n\n\t\n\n\t<div id=\"col-745069927\" class=\"col medium-5 small-12 large-5\"  >\n\t\t<div class=\"col-inner\" style=\"background-color:rgb(250, 248, 245);\" >\n\t\t\t\n\t<div class=\"is-border\"\n\t\tstyle=\"border-color:rgba(239, 234, 226, 0.419);border-width:1px 1px 1px 1;margin:0px 0px 0 0px;\">\n\t<\/div>\n\t\t\t\n<div class=\"row\"  id=\"row-1645298495\">\n\n\t<div id=\"col-371827598\" class=\"col small-12 large-12\"  >\n\t\t<div class=\"col-inner\"  >\n\t\t\t\n\t\t\t\n\t<div id=\"text-3343103975\" class=\"text mbzero\">\n\t\t\n<h4>Especificaciones<\/h4>\n\t\t\n<style>\n#text-3343103975 {\n  font-size: 1rem;\n  color: #89c161;\n}\n#text-3343103975 > * {\n  color: #89c161;\n}\n<\/style>\n\t<\/div>\n\t\n<div class=\"is-divider divider clearfix\" style=\"margin-top:0.3em;margin-bottom:0.3em;\"><\/div>\n\t<div id=\"gap-1086815137\" class=\"gap-element clearfix\" style=\"display:block; height:auto;\">\n\t\t\n<style>\n#gap-1086815137 {\n  padding-top: 12px;\n}\n<\/style>\n\t<\/div>\n\t\n\t<div id=\"text-2829890696\" class=\"text\">\n\t\t\n<ul>\n<li><strong>Nombre cient\u00edfico:<\/strong> Musa acuminata \u00ablady finger\u00bb<\/li>\n<li><strong>Variead:<\/strong> Orito\/Baby Banana<\/li>\n<li><strong>Origen:<\/strong> Ecuador<\/li>\n<li><strong>Transporte:<\/strong> Mar\u00edtimo y a\u00e9reo<\/li>\n<li><strong>Presentaci\u00f3n:<\/strong> Cajas y bandejas de cart\u00f3n<\/li>\n<li><strong>Peso neto:<\/strong> 7.5 kg and 4.5 kg<\/li>\n<li><strong>Cajas\/ Pallet:<\/strong> 88 cajas de 7.5 kg y 108 cajas de 4.5 kg<\/li>\n<li><strong>Pallets\/Contenedor:<\/strong> 20<\/li>\n<li><strong>Cajas\/Contenedor:<\/strong> 1760 cajas de 7.5 kg y 3030 cajas de 4.5 kg<\/li>\n<\/ul>\n\t\t\n<style>\n#text-2829890696 {\n  font-size: 1rem;\n  line-height: 1;\n  text-align: left;\n}\n<\/style>\n\t<\/div>\n\t\n\t<div id=\"gap-1268060037\" class=\"gap-element clearfix\" style=\"display:block; height:auto;\">\n\t\t\n<style>\n#gap-1268060037 {\n  padding-top: 30px;\n}\n<\/style>\n\t<\/div>\n\t\n\t<div id=\"text-579335592\" class=\"text mbzero\">\n\t\t\n<h4>Temporada<\/h4>\n\t\t\n<style>\n#text-579335592 {\n  font-size: 1rem;\n  color: #89c161;\n}\n#text-579335592 > * {\n  color: #89c161;\n}\n<\/style>\n\t<\/div>\n\t\n<div class=\"is-divider divider clearfix\" style=\"margin-top:0.3em;margin-bottom:0.3em;\"><\/div>\n<p>Disponible todo el a\u00f1o<\/p>\n\t<div id=\"gap-34028086\" class=\"gap-element clearfix\" style=\"display:block; height:auto;\">\n\t\t\n<style>\n#gap-34028086 {\n  padding-top: 30px;\n}\n<\/style>\n\t<\/div>\n\t\n\t<div id=\"text-4084660210\" class=\"text mbzero\">\n\t\t\n<h4>Producci\u00f3n<\/h4>\n\t\t\n<style>\n#text-4084660210 {\n  font-size: 1rem;\n  color: #89c161;\n}\n#text-4084660210 > * {\n  color: #89c161;\n}\n<\/style>\n\t<\/div>\n\t\n<div class=\"is-divider divider clearfix\" style=\"margin-top:0.3em;margin-bottom:0.3em;\"><\/div>\n<p>385 hect\u00e1reas<\/p>\n\t<div id=\"gap-1790375588\" class=\"gap-element clearfix\" style=\"display:block; height:auto;\">\n\t\t\n<style>\n#gap-1790375588 {\n  padding-top: 30px;\n}\n<\/style>\n\t<\/div>\n\t\n\t<div id=\"text-3413556962\" class=\"text mbzero\">\n\t\t\n<h4>Pa\u00edses de destino<\/h4>\n\t\t\n<style>\n#text-3413556962 {\n  font-size: 1rem;\n  color: #89c161;\n}\n#text-3413556962 > * {\n  color: #89c161;\n}\n<\/style>\n\t<\/div>\n\t\n<div class=\"is-divider divider clearfix\" style=\"margin-top:0.3em;margin-bottom:0.3em;\"><\/div>\n<p>Espa\u00f1a, Polonia, Rusia, China y Estados Unidos<\/p>\n\t<div id=\"gap-1253867948\" class=\"gap-element clearfix\" style=\"display:block; height:auto;\">\n\t\t\n<style>\n#gap-1253867948 {\n  padding-top: 30px;\n}\n<\/style>\n\t<\/div>\n\t\n\t<div id=\"text-3318541075\" class=\"text mbzero\">\n\t\t\n<h4>Nuestras marcas<\/h4>\n\t\t\n<style>\n#text-3318541075 {\n  font-size: 1rem;\n  color: #89c161;\n}\n#text-3318541075 > * {\n  color: #89c161;\n}\n<\/style>\n\t<\/div>\n\t\n<div class=\"is-divider divider clearfix\" style=\"margin-top:0.3em;margin-bottom:0.3em;\"><\/div>\n<p>EarthFructifera, Cambur Fruit y Fruxical<\/p>\n\t<div id=\"gap-946192304\" class=\"gap-element clearfix\" style=\"display:block; height:auto;\">\n\t\t\n<style>\n#gap-946192304 {\n  padding-top: 30px;\n}\n<\/style>\n\t<\/div>\n\t\n\t<div id=\"text-3914353620\" class=\"text mbzero\">\n\t\t\n<h4>Certificaciones<\/h4>\n\t\t\n<style>\n#text-3914353620 {\n  font-size: 1rem;\n  color: #89c161;\n}\n#text-3914353620 > * {\n  color: #89c161;\n}\n<\/style>\n\t<\/div>\n\t\n<div class=\"is-divider divider clearfix\" style=\"margin-top:0.3em;margin-bottom:0.3em;\"><\/div>\n<div class=\"row\"  id=\"row-942477453\">\n\n\t<div id=\"col-1788418660\" class=\"col small-12 large-12\"  >\n\t\t<div class=\"col-inner text-center\"  >\n\t\t\t\n\t\t\t\n<div class=\"ux-logo has-hover align-middle ux_logo inline-block\" style=\"max-width: 100%!important; width: 194.72px!important\"><div class=\"ux-logo-link block image-\" title=\"\"  href=\"\" style=\"padding: 15px;\"><img decoding=\"async\" src=\"https:\/\/efructifera.com\/es\/wp-content\/uploads\/2021\/05\/globalgap.png\" title=\"\" alt=\"\" class=\"ux-logo-image block\" style=\"height:71px;\" \/><\/div><\/div>\n<div class=\"ux-logo has-hover align-middle ux_logo inline-block\" style=\"max-width: 100%!important; width: 102px!important\"><div class=\"ux-logo-link block image-\" title=\"\"  href=\"\" style=\"padding: 15px;\"><img decoding=\"async\" src=\"https:\/\/efructifera.com\/es\/wp-content\/uploads\/2021\/05\/grasp.png\" title=\"\" alt=\"\" class=\"ux-logo-image block\" style=\"height:72px;\" \/><\/div><\/div>\n\t\t<\/div>\n\t\t\t<\/div>\n\n\t\n\n\t<div id=\"col-1530487981\" class=\"col small-12 large-12\"  >\n\t\t<div class=\"col-inner text-center\"  >\n\t\t\t\n\t\t\t\n<div class=\"ux-logo has-hover align-middle ux_logo inline-block\" style=\"max-width: 100%!important; width: 200.6301369863px!important\"><div class=\"ux-logo-link block image-\" title=\"\"  href=\"\" style=\"padding: 15px;\"><img decoding=\"async\" src=\"https:\/\/efructifera.com\/es\/wp-content\/uploads\/2021\/08\/BPA-Ecuador.png\" title=\"\" alt=\"\" class=\"ux-logo-image block\" style=\"height:72px;\" \/><\/div><\/div>\n\t\t<\/div>\n\t\t\t<\/div>\n\n\t\n<\/div>\n\t\t<\/div>\n\t\t\n<style>\n#col-371827598 > .col-inner {\n  padding: 0px 0px 0 0px;\n}\n<\/style>\n\t<\/div>\n\n\t\n\n<style>\n#row-1645298495 > .col > .col-inner {\n  padding: 30px 30px 25px 30px;\n}\n<\/style>\n<\/div>\n\t\t<\/div>\n\t\t\n<style>\n#col-745069927 > .col-inner {\n  padding: 0px 0px 0 0px;\n  margin: 0px 0px 0 0px;\n}\n<\/style>\n\t<\/div>\n\n\t\n\n<style>\n#row-1573261140 > .col > .col-inner {\n  padding: 0px 0px 0 0px;\n}\n<\/style>\n<\/div>\n\t\t<\/div>\n\n\t\t\n<style>\n#section_1064783097 {\n  padding-top: 18px;\n  padding-bottom: 18px;\n}\n<\/style>\n\t<\/section>\n\t\n","protected":false},"excerpt":{"rendered":"","protected":false},"author":1,"featured_media":0,"parent":0,"menu_order":0,"comment_status":"closed","ping_status":"closed","template":"page-blank.php","meta":{"ngg_post_thumbnail":0,"footnotes":""},"class_list":["post-635","page","type-page","status-publish","hentry"],"jetpack_sharing_enabled":true,"_links":{"self":[{"href":"https:\/\/efructifera.com\/es\/wp-json\/wp\/v2\/pages\/635","targetHints":{"allow":["GET"]}}],"collection":[{"href":"https:\/\/efructifera.com\/es\/wp-json\/wp\/v2\/pages"}],"about":[{"href":"https:\/\/efructifera.com\/es\/wp-json\/wp\/v2\/types\/page"}],"author":[{"embeddable":true,"href":"https:\/\/efructifera.com\/es\/wp-json\/wp\/v2\/users\/1"}],"replies":[{"embeddable":true,"href":"https:\/\/efructifera.com\/es\/wp-json\/wp\/v2\/comments?post=635"}],"version-history":[{"count":7,"href":"https:\/\/efructifera.com\/es\/wp-json\/wp\/v2\/pages\/635\/revisions"}],"predecessor-version":[{"id":1424,"href":"https:\/\/efructifera.com\/es\/wp-json\/wp\/v2\/pages\/635\/revisions\/1424"}],"wp:attachment":[{"href":"https:\/\/efructifera.com\/es\/wp-json\/wp\/v2\/media?parent=635"}],"curies":[{"name":"wp","href":"https:\/\/api.w.org\/{rel}","templated":true}]}}