{"id":1024,"date":"2021-07-31T19:14:06","date_gmt":"2021-08-01T00:14:06","guid":{"rendered":"https:\/\/efructifera.com\/es\/?page_id=1024"},"modified":"2021-09-07T16:34:24","modified_gmt":"2021-09-07T21:34:24","slug":"banano-organico","status":"publish","type":"page","link":"https:\/\/efructifera.com\/es\/banano-organico\/","title":{"rendered":"BANANO ORG\u00c1NICO"},"content":{"rendered":"\t<section class=\"section\" id=\"section_902974707\">\n\t\t<div class=\"bg section-bg fill bg-fill  bg-loaded\" >\n\n\t\t\t\n\t\t\t\n\t\t\t\n\n\t\t<\/div>\n\n\t\t<div class=\"section-content relative\">\n\t\t\t\n<div class=\"row align-equal\"  id=\"row-2022605778\">\n\n\t<div id=\"col-1724468159\" class=\"col medium-7 small-12 large-7\"  >\n\t\t<div class=\"col-inner\"  >\n\t\t\t\n\t\t\t\n<div class=\"row\"  id=\"row-610472949\">\n\n\t<div id=\"col-1592003172\" class=\"col small-12 large-12\"  >\n\t\t<div class=\"col-inner\"  >\n\t\t\t\n\t\t\t\n\t<div id=\"text-3333366641\" class=\"text mbzero\">\n\t\t\n<h1>BANANO ORG\u00c1NICO<\/h1>\n\t\t\n<style>\n#text-3333366641 {\n  font-size: 1.5rem;\n  text-align: left;\n  color: #7a9c59;\n}\n#text-3333366641 > * {\n  color: #7a9c59;\n}\n<\/style>\n\t<\/div>\n\t\n<div class=\"is-divider divider clearfix\" style=\"margin-top:0.3em;margin-bottom:0.3em;\"><\/div>\n<div class=\"slider-wrapper relative\" id=\"slider-101899594\" >\n    <div class=\"slider slider-type-fade slider-nav-dots-dashes-spaced slider-nav-simple slider-nav-normal slider-nav-dark slider-nav-outside slider-style-normal\"\n        data-flickity-options='{\n            \"cellAlign\": \"center\",\n            \"imagesLoaded\": true,\n            \"lazyLoad\": 1,\n            \"freeScroll\": false,\n            \"wrapAround\": true,\n            \"autoPlay\": 4000,\n            \"pauseAutoPlayOnHover\" : true,\n            \"prevNextButtons\": true,\n            \"contain\" : true,\n            \"adaptiveHeight\" : true,\n            \"dragThreshold\" : 10,\n            \"percentPosition\": true,\n            \"pageDots\": true,\n            \"rightToLeft\": false,\n            \"draggable\": true,\n            \"selectedAttraction\": 0.1,\n            \"parallax\" : 0,\n            \"friction\": 0.6        }'\n        >\n        \n\t<div class=\"img has-hover x md-x lg-x y md-y lg-y\" id=\"image_1841594702\">\n\t\t\t\t\t\t\t\t<div class=\"img-inner dark\" >\n\t\t\t<img loading=\"lazy\" decoding=\"async\" width=\"720\" height=\"480\" src=\"https:\/\/efructifera.com\/es\/wp-content\/uploads\/2021\/09\/organic-banana-01.jpg\" class=\"attachment-original size-original\" alt=\"\" srcset=\"https:\/\/efructifera.com\/es\/wp-content\/uploads\/2021\/09\/organic-banana-01.jpg 720w, https:\/\/efructifera.com\/es\/wp-content\/uploads\/2021\/09\/organic-banana-01-400x267.jpg 400w\" sizes=\"auto, (max-width: 720px) 100vw, 720px\" \/>\t\t\t\t\t\t\n\t\t\t\t\t<\/div>\n\t\t\t\t\t\t\t\t\n<style>\n#image_1841594702 {\n  width: 100%;\n}\n<\/style>\n\t<\/div>\n\t\n     <\/div>\n\n     <div class=\"loading-spin dark large centered\"><\/div>\n\n     \t<\/div>\n\n\n\t<div id=\"gap-16253553\" class=\"gap-element clearfix\" style=\"display:block; height:auto;\">\n\t\t\n<style>\n#gap-16253553 {\n  padding-top: 30px;\n}\n<\/style>\n\t<\/div>\n\t\n\t<div id=\"text-741138091\" class=\"text justificar\">\n\t\t\n<p align=\"JUSTIFY\"><span style=\"font-family: Noto Sans, serif;\"><span lang=\"es-ES\"><strong>Ecuador es el l\u00edder en exportaciones de banano en el mundo<\/strong>, basta con revisar los supermercados internacionales para verificar que 1 de cada 4 bananos que se consumen en todo el planeta se producen en territorio ecuatoriano. El 25% de la oferta mundial de banano proviene de Ecuador, siendo el mayor exportador del mundo.<\/span><\/span><\/p>\n<p align=\"JUSTIFY\"><span style=\"font-family: Noto Sans, serif;\"><span lang=\"es-ES\">El <strong>banano Cavendish<\/strong> es una fruta deliciosa y nutritiva. Es una fuente importante de potasio, magnesio, f\u00f3sforo, zinc y calcio. Aporta un gran aporte de vitamina A, C, \u00e1cido f\u00f3lico, taninos y fibra soluble, por lo que es de f\u00e1cil digesti\u00f3n y adem\u00e1s brinda protecci\u00f3n g\u00e1strica.<\/span><\/span><\/p>\n<p align=\"JUSTIFY\">\u00a0<\/p>\n\t\t\t<\/div>\n\t\n\t\t<\/div>\n\t\t\t<\/div>\n\n\t\n<\/div>\n\t<div id=\"text-3036023921\" class=\"text\">\n\t\t\n<h2>Nuestra marca\u00a0<\/h2>\n\t\t\n<style>\n#text-3036023921 {\n  font-size: 1.25rem;\n  text-align: center;\n  color: rgb(122, 156, 89);\n}\n#text-3036023921 > * {\n  color: rgb(122, 156, 89);\n}\n<\/style>\n\t<\/div>\n\t\n<div class=\"text-center\"><div class=\"is-divider divider clearfix\" style=\"margin-top:0.3em;margin-bottom:0.3em;max-width:90px;\"><\/div><\/div>\n<div class=\"row row-collapse\"  id=\"row-615245848\">\n\n\t<div id=\"col-1707317740\" class=\"col small-12 large-12\"  >\n\t\t<div class=\"col-inner text-center\"  >\n\t\t\t\n\t\t\t\n<div class=\"ux-logo has-hover align-middle ux_logo inline-block\" style=\"max-width: 100%!important; width: 188.44660194175px!important\"><div class=\"ux-logo-link block image-\" title=\"\"  href=\"\" style=\"padding: 15px;\"><img decoding=\"async\" src=\"https:\/\/efructifera.com\/es\/wp-content\/uploads\/2021\/07\/cambur.webp\" title=\"\" alt=\"\" class=\"ux-logo-image block\" style=\"height:120px;\" \/><\/div><\/div>\n<div class=\"row\"  id=\"row-1132013731\">\n\n\t<div id=\"col-2008814094\" class=\"col medium-10 small-12 large-10\"  >\n\t\t<div class=\"col-inner\"  >\n\t\t\t\n\t\t\t\n<div class=\"text-center\"><div class=\"is-divider divider clearfix\" ><\/div><\/div>\n\t<div id=\"text-170282853\" class=\"text mbzero\">\n\t\t\n<p  class=\"mbzero\" style=\"text-align: center><strong>Variedad:<\/strong> Banano org\u00e1nico Cavendish<\/p>\n\t\t\n<style>\n#text-170282853 {\n  text-align: center;\n}\n<\/style>\n\t<\/div>\n\t\n<div class=\"text-center\"><div class=\"is-divider divider clearfix\" style=\"margin-top:0.4em;margin-bottom:0.4em;max-width:100%;height:1px;\"><\/div><\/div>\n\t<div id=\"text-353339774\" class=\"text\">\n\t\t\n<p class=\"mbzero\" style=\"text-align: center;\"><strong>Clase:<\/strong> \u00abA\u00bb Premium.<\/p>\n\t\t\n<style>\n#text-353339774 {\n  text-align: center;\n}\n<\/style>\n\t<\/div>\n\t\n<div class=\"text-center\"><div class=\"is-divider divider clearfix\" style=\"margin-top:0.4em;margin-bottom:0.4em;max-width:100%;height:1px;\"><\/div><\/div>\n\t<div id=\"text-3234338646\" class=\"text\">\n\t\t\n<p class=\"mbzero\"style=\"text-align: center;\"><strong>Presentaci\u00f3n:<\/strong> 22XU (18.14 kg o 19.45 kg)<\/p>\n\t\t\n<style>\n#text-3234338646 {\n  text-align: center;\n}\n<\/style>\n\t<\/div>\n\t\n<div class=\"text-center\"><div class=\"is-divider divider clearfix\" style=\"margin-top:0.4em;margin-bottom:0.4em;max-width:100%;height:1px;\"><\/div><\/div>\n\t<div id=\"gap-1728348377\" class=\"gap-element clearfix\" style=\"display:block; height:auto;\">\n\t\t\n<style>\n#gap-1728348377 {\n  padding-top: 40px;\n}\n<\/style>\n\t<\/div>\n\t\n\t\t<\/div>\n\t\t\t<\/div>\n\n\t\n<\/div>\n\t\t<\/div>\n\t\t\t<\/div>\n\n\t\n\n<style>\n#row-615245848 > .col > .col-inner {\n  padding: 0px 30px 0px 30px;\n}\n<\/style>\n<\/div>\n\t\t<\/div>\n\t\t\t<\/div>\n\n\t\n\n\t<div id=\"col-1457441333\" class=\"col medium-5 small-12 large-5\"  >\n\t\t<div class=\"col-inner\" style=\"background-color:rgb(250, 248, 245);\" >\n\t\t\t\n\t<div class=\"is-border\"\n\t\tstyle=\"border-color:rgba(239, 234, 226, 0.419);border-width:1px 1px 1px 1;margin:0px 0px 0 0px;\">\n\t<\/div>\n\t\t\t\n<div class=\"row\"  id=\"row-309343449\">\n\n\t<div id=\"col-844687189\" class=\"col small-12 large-12\"  >\n\t\t<div class=\"col-inner\"  >\n\t\t\t\n\t\t\t\n\t<div id=\"text-4145579433\" class=\"text mbzero\">\n\t\t\n<h4>Especificaciones<\/h4>\n\t\t\n<style>\n#text-4145579433 {\n  font-size: 1rem;\n  color: #89c161;\n}\n#text-4145579433 > * {\n  color: #89c161;\n}\n<\/style>\n\t<\/div>\n\t\n<div class=\"is-divider divider clearfix\" style=\"margin-top:0.3em;margin-bottom:0.3em;\"><\/div>\n\t<div id=\"gap-2081344082\" class=\"gap-element clearfix\" style=\"display:block; height:auto;\">\n\t\t\n<style>\n#gap-2081344082 {\n  padding-top: 12px;\n}\n<\/style>\n\t<\/div>\n\t\n\t<div id=\"text-984954282\" class=\"text\">\n\t\t\n<ul class=\"alt-font\">\n<li><strong>Nombre cient\u00edfico:<\/strong> Musa acuminata<\/li>\n<li><strong>Variedad<\/strong>: Cavendish org\u00e1nico<\/li>\n<li><strong>Origen:<\/strong> Ecuador<\/li>\n<li><strong>Transporte:<\/strong> Mar\u00edtimo<\/li>\n<li><strong>Presentaci\u00f3n:<\/strong> Cajas de cart\u00f3n\u00a0<\/li>\n<li><strong>Peso neto:<\/strong> 19.25 kg<\/li>\n<li><strong>Cajas\/ Pallet:<\/strong> 54\u00a0<\/li>\n<li><strong>Pallets\/Contenedor:<\/strong> 20<\/li>\n<li><strong>Cajas\/Contenedor:<\/strong> 1080<\/li>\n<\/ul>\n\t\t\n<style>\n#text-984954282 {\n  font-size: 1rem;\n  line-height: 1;\n  text-align: left;\n}\n<\/style>\n\t<\/div>\n\t\n\t<div id=\"gap-888298810\" class=\"gap-element clearfix\" style=\"display:block; height:auto;\">\n\t\t\n<style>\n#gap-888298810 {\n  padding-top: 30px;\n}\n<\/style>\n\t<\/div>\n\t\n\t<div id=\"text-3881543868\" class=\"text mbzero\">\n\t\t\n<h4>Temporada<\/h4>\n\t\t\n<style>\n#text-3881543868 {\n  font-size: 1rem;\n  color: #89c161;\n}\n#text-3881543868 > * {\n  color: #89c161;\n}\n<\/style>\n\t<\/div>\n\t\n<div class=\"is-divider divider clearfix\" style=\"margin-top:0.3em;margin-bottom:0.3em;\"><\/div>\n<p>Disponible todo el a\u00f1o<\/p>\n\t<div id=\"gap-866272137\" class=\"gap-element clearfix\" style=\"display:block; height:auto;\">\n\t\t\n<style>\n#gap-866272137 {\n  padding-top: 30px;\n}\n<\/style>\n\t<\/div>\n\t\n\t<div id=\"text-2103741727\" class=\"text mbzero\">\n\t\t\n<h4>Pa\u00edses de destino<\/h4>\n\t\t\n<style>\n#text-2103741727 {\n  font-size: 1rem;\n  color: #89c161;\n}\n#text-2103741727 > * {\n  color: #89c161;\n}\n<\/style>\n\t<\/div>\n\t\n<div class=\"is-divider divider clearfix\" style=\"margin-top:0.3em;margin-bottom:0.3em;\"><\/div>\n<p>Estados Unidos y Europa<\/p>\n\t<div id=\"gap-1970162946\" class=\"gap-element clearfix\" style=\"display:block; height:auto;\">\n\t\t\n<style>\n#gap-1970162946 {\n  padding-top: 30px;\n}\n<\/style>\n\t<\/div>\n\t\n\t<div id=\"text-1930649741\" class=\"text mbzero\">\n\t\t\n<h4>Certificaciones<\/h4>\n\t\t\n<style>\n#text-1930649741 {\n  font-size: 1rem;\n  color: #89c161;\n}\n#text-1930649741 > * {\n  color: #89c161;\n}\n<\/style>\n\t<\/div>\n\t\n<div class=\"is-divider divider clearfix\" style=\"margin-top:0.3em;margin-bottom:0.3em;\"><\/div>\n<div class=\"row row-collapse align-middle align-center\"  id=\"row-926011020\">\n\n\t<div id=\"col-1723059328\" class=\"col medium-4 small-12 large-4\"  >\n\t\t<div class=\"col-inner text-center\"  >\n\t\t\t\n\t\t\t\n<div class=\"ux-logo has-hover align-middle ux_logo inline-block\" style=\"max-width: 100%!important; width: 102px!important\"><div class=\"ux-logo-link block image-\" title=\"\"  href=\"\" style=\"padding: 15px;\"><img decoding=\"async\" src=\"https:\/\/efructifera.com\/es\/wp-content\/uploads\/2021\/05\/usda-organic.png\" title=\"\" alt=\"\" class=\"ux-logo-image block\" style=\"height:72px;\" \/><\/div><\/div>\n\t\t<\/div>\n\t\t\t<\/div>\n\n\t\n\n\t<div id=\"col-1693191644\" class=\"col medium-3 small-12 large-3\"  >\n\t\t<div class=\"col-inner\"  >\n\t\t\t\n\t\t\t\n<div class=\"ux-logo has-hover align-middle ux_logo inline-block\" style=\"max-width: 100%!important; width: 102px!important\"><div class=\"ux-logo-link block image-\" title=\"\"  href=\"\" style=\"padding: 15px;\"><img decoding=\"async\" src=\"https:\/\/efructifera.com\/es\/wp-content\/uploads\/2021\/05\/ue-organic.png\" title=\"\" alt=\"\" class=\"ux-logo-image block\" style=\"height:72px;\" \/><\/div><\/div>\n\t\t<\/div>\n\t\t\t<\/div>\n\n\t\n\n\t<div id=\"col-632861997\" class=\"col medium-5 small-12 large-5\"  >\n\t\t<div class=\"col-inner\"  >\n\t\t\t\n\t\t\t\n<div class=\"ux-logo has-hover align-middle ux_logo inline-block\" style=\"max-width: 100%!important; width: 169.2px!important\"><div class=\"ux-logo-link block image-\" title=\"\"  href=\"\" style=\"padding: 15px;\"><img decoding=\"async\" src=\"https:\/\/efructifera.com\/es\/wp-content\/uploads\/2021\/05\/globalgap.png\" title=\"\" alt=\"\" class=\"ux-logo-image block\" style=\"height:60px;\" \/><\/div><\/div>\n\t\t<\/div>\n\t\t\t<\/div>\n\n\t\n<\/div>\n\t\t<\/div>\n\t\t\n<style>\n#col-844687189 > .col-inner {\n  padding: 0px 0px 0 0px;\n}\n<\/style>\n\t<\/div>\n\n\t\n\n<style>\n#row-309343449 > .col > .col-inner {\n  padding: 30px 30px 25px 30px;\n}\n<\/style>\n<\/div>\n\t\t<\/div>\n\t\t\n<style>\n#col-1457441333 > .col-inner {\n  padding: 0px 0px 0 0px;\n  margin: 0px 0px 0 0px;\n}\n<\/style>\n\t<\/div>\n\n\t\n\n<style>\n#row-2022605778 > .col > .col-inner {\n  padding: 0px 0px 0 0px;\n}\n<\/style>\n<\/div>\n<div class=\"row align-middle\"  id=\"row-1064692577\">\n\n\t<div id=\"col-1606984436\" class=\"col hide-for-medium medium-7 small-12 large-7\"  >\n\t\t<div class=\"col-inner\"  >\n\t\t\t\n\t\t\t\n<p style=\"text-align: center;\"><span style=\"font-size: 120%;\"><strong>La actividad bananera genera fuentes de trabajo e ingresos para aproximadamente 2 millones de personas involucradas en las diferentes etapas de su cadena de valor.<\/strong><\/span><\/p>\n\t\t<\/div>\n\t\t\t<\/div>\n\n\t\n\n\t<div id=\"col-570445775\" class=\"col medium-5 small-12 large-5\"  >\n\t\t<div class=\"col-inner box-shadow-2\" style=\"background-color:rgb(137, 193, 97);\" >\n\t\t\t\n\t\t\t\n<div class=\"row row-collapse align-middle align-center\"  id=\"row-1017419410\">\n\n\t<div id=\"col-112320863\" class=\"col medium-4 small-12 large-4\"  data-animate=\"bounceIn\">\n\t\t<div class=\"col-inner\" style=\"background-color:#89c161;\" >\n\t\t\t\n\t\t\t\n\t<div id=\"text-1601557337\" class=\"text\">\n\t\t\n<h2 class=\"mbzero ls1px\">+1M<\/h2>\n\t\t\n<style>\n#text-1601557337 {\n  font-size: 2.25rem;\n  text-align: center;\n  color: rgb(255, 255, 255);\n}\n#text-1601557337 > * {\n  color: rgb(255, 255, 255);\n}\n<\/style>\n\t<\/div>\n\t\n\t\t<\/div>\n\t\t\n<style>\n#col-112320863 > .col-inner {\n  padding: 0px 0px 12px 0px;\n  margin: 0px 0px 0px 0px;\n}\n<\/style>\n\t<\/div>\n\n\t\n\n\t<div id=\"col-458710431\" class=\"col medium-8 small-12 large-8\"  data-animate=\"blurIn\">\n\t\t<div class=\"col-inner\"  >\n\t\t\t\n\t\t\t\n\t<div id=\"text-2598146536\" class=\"text\">\n\t\t\n<p>M\u00e1s de 1 mill\u00f3n de toneladas de banano fueron exportados por EarthFructifera in 2020<\/p>\n\t\t\n<style>\n#text-2598146536 {\n  font-size: 1rem;\n  line-height: 1.25;\n  text-align: left;\n  color: rgb(255, 255, 255);\n}\n#text-2598146536 > * {\n  color: rgb(255, 255, 255);\n}\n<\/style>\n\t<\/div>\n\t\n\t\t<\/div>\n\t\t\n<style>\n#col-458710431 > .col-inner {\n  padding: 25px 0px 0px 0px;\n  margin: 23px 0px 0px 0px;\n}\n<\/style>\n\t<\/div>\n\n\t\n\n<style>\n#row-1017419410 > .col > .col-inner {\n  padding: 0px 15px 0px 14px;\n  background-color: rgb(137, 193, 97);\n}\n<\/style>\n<\/div>\n\t\t<\/div>\n\t\t\n<style>\n#col-570445775 > .col-inner {\n  padding: 0px 0px 0 0px;\n  margin: -15px 0px 0px 0px;\n}\n<\/style>\n\t<\/div>\n\n\t\n<\/div>\n\t\t<\/div>\n\n\t\t\n<style>\n#section_902974707 {\n  padding-top: 79px;\n  padding-bottom: 79px;\n}\n<\/style>\n\t<\/section>\n\t\n","protected":false},"excerpt":{"rendered":"","protected":false},"author":1,"featured_media":0,"parent":0,"menu_order":0,"comment_status":"closed","ping_status":"closed","template":"page-blank.php","meta":{"ngg_post_thumbnail":0,"footnotes":""},"class_list":["post-1024","page","type-page","status-publish","hentry"],"jetpack_sharing_enabled":true,"_links":{"self":[{"href":"https:\/\/efructifera.com\/es\/wp-json\/wp\/v2\/pages\/1024","targetHints":{"allow":["GET"]}}],"collection":[{"href":"https:\/\/efructifera.com\/es\/wp-json\/wp\/v2\/pages"}],"about":[{"href":"https:\/\/efructifera.com\/es\/wp-json\/wp\/v2\/types\/page"}],"author":[{"embeddable":true,"href":"https:\/\/efructifera.com\/es\/wp-json\/wp\/v2\/users\/1"}],"replies":[{"embeddable":true,"href":"https:\/\/efructifera.com\/es\/wp-json\/wp\/v2\/comments?post=1024"}],"version-history":[{"count":7,"href":"https:\/\/efructifera.com\/es\/wp-json\/wp\/v2\/pages\/1024\/revisions"}],"predecessor-version":[{"id":1406,"href":"https:\/\/efructifera.com\/es\/wp-json\/wp\/v2\/pages\/1024\/revisions\/1406"}],"wp:attachment":[{"href":"https:\/\/efructifera.com\/es\/wp-json\/wp\/v2\/media?parent=1024"}],"curies":[{"name":"wp","href":"https:\/\/api.w.org\/{rel}","templated":true}]}}