{"id":1015,"date":"2021-07-31T15:59:10","date_gmt":"2021-07-31T20:59:10","guid":{"rendered":"https:\/\/efructifera.com\/es\/?page_id=1015"},"modified":"2021-09-07T09:37:17","modified_gmt":"2021-09-07T14:37:17","slug":"aguacates","status":"publish","type":"page","link":"https:\/\/efructifera.com\/es\/aguacates\/","title":{"rendered":"AGUACATE (PALTA)"},"content":{"rendered":"\t<section class=\"section\" id=\"section_759029089\">\n\t\t<div class=\"bg section-bg fill bg-fill  bg-loaded\" >\n\n\t\t\t\n\t\t\t\n\t\t\t\n\n\t\t<\/div>\n\n\t\t<div class=\"section-content relative\">\n\t\t\t\n<div class=\"row align-equal\"  id=\"row-501272917\">\n\n\t<div id=\"col-1726176903\" class=\"col medium-7 small-12 large-7\"  >\n\t\t<div class=\"col-inner\"  >\n\t\t\t\n\t\t\t\n<div class=\"row\"  id=\"row-621230651\">\n\n\t<div id=\"col-1464649748\" class=\"col small-12 large-12\"  >\n\t\t<div class=\"col-inner\"  >\n\t\t\t\n\t\t\t\n\t<div id=\"text-2774743575\" class=\"text mbzero\">\n\t\t\n<h1>AGUACATES \/ PALTAS<\/h1>\n\t\t\n<style>\n#text-2774743575 {\n  font-size: 1.5rem;\n  text-align: left;\n  color: #7a9c59;\n}\n#text-2774743575 > * {\n  color: #7a9c59;\n}\n<\/style>\n\t<\/div>\n\t\n<div class=\"is-divider divider clearfix\" style=\"margin-top:0.3em;margin-bottom:0.3em;\"><\/div>\n<div class=\"slider-wrapper relative\" id=\"slider-990283731\" >\n    <div class=\"slider slider-type-fade slider-nav-dots-dashes-spaced slider-nav-simple slider-nav-normal slider-nav-dark slider-nav-outside slider-style-normal\"\n        data-flickity-options='{\n            \"cellAlign\": \"center\",\n            \"imagesLoaded\": true,\n            \"lazyLoad\": 1,\n            \"freeScroll\": false,\n            \"wrapAround\": true,\n            \"autoPlay\": 4000,\n            \"pauseAutoPlayOnHover\" : true,\n            \"prevNextButtons\": true,\n            \"contain\" : true,\n            \"adaptiveHeight\" : true,\n            \"dragThreshold\" : 10,\n            \"percentPosition\": true,\n            \"pageDots\": true,\n            \"rightToLeft\": false,\n            \"draggable\": true,\n            \"selectedAttraction\": 0.1,\n            \"parallax\" : 0,\n            \"friction\": 0.6        }'\n        >\n        \n\t<div class=\"img has-hover x md-x lg-x y md-y lg-y\" id=\"image_1576917881\">\n\t\t\t\t\t\t\t\t<div class=\"img-inner dark\" >\n\t\t\t<img loading=\"lazy\" decoding=\"async\" width=\"800\" height=\"533\" src=\"https:\/\/efructifera.com\/es\/wp-content\/uploads\/2021\/09\/avocado-landscape-01.jpg\" class=\"attachment-original size-original\" alt=\"\" srcset=\"https:\/\/efructifera.com\/es\/wp-content\/uploads\/2021\/09\/avocado-landscape-01.jpg 800w, https:\/\/efructifera.com\/es\/wp-content\/uploads\/2021\/09\/avocado-landscape-01-400x267.jpg 400w, https:\/\/efructifera.com\/es\/wp-content\/uploads\/2021\/09\/avocado-landscape-01-768x512.jpg 768w\" sizes=\"auto, (max-width: 800px) 100vw, 800px\" \/>\t\t\t\t\t\t\n\t\t\t\t\t<\/div>\n\t\t\t\t\t\t\t\t\n<style>\n#image_1576917881 {\n  width: 100%;\n}\n<\/style>\n\t<\/div>\n\t\n\t<div class=\"img has-hover x md-x lg-x y md-y lg-y\" id=\"image_1537969155\">\n\t\t\t\t\t\t\t\t<div class=\"img-inner dark\" >\n\t\t\t<img loading=\"lazy\" decoding=\"async\" width=\"800\" height=\"533\" src=\"https:\/\/efructifera.com\/es\/wp-content\/uploads\/2021\/09\/avocado-landscape-02.jpg\" class=\"attachment-large size-large\" alt=\"\" srcset=\"https:\/\/efructifera.com\/es\/wp-content\/uploads\/2021\/09\/avocado-landscape-02.jpg 800w, https:\/\/efructifera.com\/es\/wp-content\/uploads\/2021\/09\/avocado-landscape-02-400x267.jpg 400w, https:\/\/efructifera.com\/es\/wp-content\/uploads\/2021\/09\/avocado-landscape-02-768x512.jpg 768w\" sizes=\"auto, (max-width: 800px) 100vw, 800px\" \/>\t\t\t\t\t\t\n\t\t\t\t\t<\/div>\n\t\t\t\t\t\t\t\t\n<style>\n#image_1537969155 {\n  width: 100%;\n}\n<\/style>\n\t<\/div>\n\t\n     <\/div>\n\n     <div class=\"loading-spin dark large centered\"><\/div>\n\n     \t<\/div>\n\n\n\t<div id=\"gap-834196835\" class=\"gap-element clearfix\" style=\"display:block; height:auto;\">\n\t\t\n<style>\n#gap-834196835 {\n  padding-top: 30px;\n}\n<\/style>\n\t<\/div>\n\t\n\t<div id=\"text-618532624\" class=\"text justificar\">\n\t\t\n<p>Existe una marcada diferenciaci\u00f3n entre las zonas productoras de Aguacate Hass y Fuerte (zona costera, des\u00e9rtica) con las dem\u00e1s variedades que se producen en zonas c\u00e1lidas y lluviosas cercanas al Amazonas. Aproximadamente el 95% del aguacate exportado es Hass y el 5% restante est\u00e1 compuesto por Fuerte y otras variedades.<\/p>\n<p>En Per\u00fa, el aguacate Hass se cultiva principalmente en las regiones de La Libertad, Lambayeque, \u00c1ncash, Cusco, Apur\u00edmac y Huancavelica.<\/p>\n<p>Las principales zonas productoras de aguacate fuerte se encuentran en la costa, los valles interandinos y la selva alta, principalmente en Jun\u00edn, Lima, San Mart\u00edn, Hu\u00e1nuco y Cusco.<\/p>\n\t\t\t<\/div>\n\t\n\t<div class=\"img has-hover x md-x lg-x y md-y lg-y\" id=\"image_569952897\">\n\t\t\t\t\t\t\t\t<div class=\"img-inner image-cover dark\" style=\"padding-top:100%;\">\n\t\t\t<img loading=\"lazy\" decoding=\"async\" width=\"461\" height=\"612\" src=\"https:\/\/efructifera.com\/es\/wp-content\/uploads\/2021\/07\/green-skin-avocado.jpg\" class=\"attachment-original size-original\" alt=\"Green Skin Avocado\" srcset=\"https:\/\/efructifera.com\/es\/wp-content\/uploads\/2021\/07\/green-skin-avocado.jpg 461w, https:\/\/efructifera.com\/es\/wp-content\/uploads\/2021\/07\/green-skin-avocado-301x400.jpg 301w\" sizes=\"auto, (max-width: 461px) 100vw, 461px\" \/>\t\t\t\t\t\t\n\t\t\t\t\t<\/div>\n\t\t\t\t\t\t\t\t\n<style>\n#image_569952897 {\n  width: 100%;\n}\n<\/style>\n\t<\/div>\n\t\n\t<div id=\"gap-591256854\" class=\"gap-element clearfix\" style=\"display:block; height:auto;\">\n\t\t\n<style>\n#gap-591256854 {\n  padding-top: 53px;\n}\n<\/style>\n\t<\/div>\n\t\n\t<div id=\"text-3843465130\" class=\"text\">\n\t\t\n<h4 style=\"text-align: center;\">Nuestra Marca<\/h4>\n\t\t\n<style>\n#text-3843465130 {\n  font-size: 1.75rem;\n  color: rgb(122, 156, 89);\n}\n#text-3843465130 > * {\n  color: rgb(122, 156, 89);\n}\n<\/style>\n\t<\/div>\n\t\n<div class=\"text-center\"><div class=\"is-divider divider clearfix\" style=\"margin-top:0.3em;margin-bottom:0.3em;max-width:100px;background-color:rgb(206, 206, 206);\"><\/div><\/div>\n<div class=\"row align-center\"  id=\"row-558072828\">\n\n\t<div id=\"col-2101244167\" class=\"col small-12 large-12\"  >\n\t\t<div class=\"col-inner text-center\"  >\n\t\t\t\n\t\t\t\n\t\t<\/div>\n\t\t\t<\/div>\n\n\t\n<\/div>\n<div class=\"row\"  id=\"row-1378716715\">\n\n\t<div id=\"col-1430729320\" class=\"col small-12 large-12\"  >\n\t\t<div class=\"col-inner text-center\"  >\n\t\t\t\n\t\t\t\n<div class=\"ux-logo has-hover align-middle ux_logo inline-block\" style=\"max-width: 100%!important; width: 249.38461538462px!important\"><div class=\"ux-logo-link block image-\" title=\"\"  href=\"\" style=\"padding: 15px;\"><img decoding=\"async\" src=\"https:\/\/efructifera.com\/es\/wp-content\/uploads\/2021\/09\/logoEF-products.svg\" title=\"\" alt=\"\" class=\"ux-logo-image block\" style=\"height:92px;\" \/><\/div><\/div>\n<div class=\"is-divider divider clearfix\" style=\"margin-top:0.4em;margin-bottom:0.4em;max-width:100%;height:1px;\"><\/div>\n<p class=\"mbzero\" style=\"text-align: center;\"><strong>Variedades:<\/strong> Fuerte y Hass<\/p>\n<div class=\"is-divider divider clearfix\" style=\"margin-top:0.4em;margin-bottom:0.4em;max-width:100%;height:1px;\"><\/div>\n<p class=\"mbzero\" style=\"text-align: center;\"><strong>Clase:<\/strong> \u00abA\u00bb Premium<\/p>\n<div class=\"is-divider divider clearfix\" style=\"margin-top:0.4em;margin-bottom:0.4em;max-width:100%;height:1px;\"><\/div>\n<p class=\"mbzero\" style=\"text-align: center;\"><strong>Presentaci\u00f3n y empaque:<\/strong>\u00a0Cajas de cart\u00f3n 4kg y 10 kg<\/p>\n\t\t<\/div>\n\t\t\t<\/div>\n\n\t\n<\/div>\n\t\t<\/div>\n\t\t\t<\/div>\n\n\t\n<\/div>\n\t<div id=\"text-1759916538\" class=\"text\">\n\t\t\n\t\t\n<style>\n#text-1759916538 {\n  font-size: 1.5rem;\n  line-height: 1.5;\n  text-align: center;\n  color: #7a9c59;\n}\n#text-1759916538 > * {\n  color: #7a9c59;\n}\n<\/style>\n\t<\/div>\n\t\n\t\t<\/div>\n\t\t\t<\/div>\n\n\t\n\n\t<div id=\"col-2081099476\" class=\"col medium-5 small-12 large-5\"  >\n\t\t<div class=\"col-inner\" style=\"background-color:rgb(250, 248, 245);\" >\n\t\t\t\n\t<div class=\"is-border\"\n\t\tstyle=\"border-color:rgba(239, 234, 226, 0.419);border-width:1px 1px 1px 1;margin:0px 0px 0 0px;\">\n\t<\/div>\n\t\t\t\n<div class=\"row\"  id=\"row-162253786\">\n\n\t<div id=\"col-1593969233\" class=\"col small-12 large-12\"  >\n\t\t<div class=\"col-inner\"  >\n\t\t\t\n\t\t\t\n\t<div id=\"text-2684293728\" class=\"text mbzero\">\n\t\t\n<h4>ESPECIFICACIONES<\/h4>\n\t\t\n<style>\n#text-2684293728 {\n  font-size: 1rem;\n  color: #89c161;\n}\n#text-2684293728 > * {\n  color: #89c161;\n}\n<\/style>\n\t<\/div>\n\t\n<div class=\"is-divider divider clearfix\" style=\"margin-top:0.3em;margin-bottom:0.3em;\"><\/div>\n\t<div id=\"gap-2002561981\" class=\"gap-element clearfix\" style=\"display:block; height:auto;\">\n\t\t\n<style>\n#gap-2002561981 {\n  padding-top: 12px;\n}\n<\/style>\n\t<\/div>\n\t\n\t<div id=\"text-1437047307\" class=\"text\">\n\t\t\n<ul class=\"alt-font\">\n<li><strong>Nombre cient\u00edfico:<\/strong> Persea americana<\/li>\n<li><strong>Variedad:<\/strong> Green Skin and Hass\n<\/li>\n<li><strong>Origen:<\/strong> Peru<\/li>\n<li><strong>Transporte:<\/strong> Sea,\u00a0 Air and Land Freight\n<\/li>\n<li><strong>Presentaci\u00f3n:<\/strong>\u00a0\n<p>Para <strong>Europa, Asia y Rusia<\/strong>, el embalaje se realiza en cajas de cart\u00f3n de 4Kg (calibres 10-22) y 10Kg (calibres 24-32). <br \/><strong>Para Chile<\/strong>, el empaque se realiza en bandejas de pl\u00e1stico de 10kg (todos los calibres).<\/p>\n<\/li>\n<li>\n<p><strong>Calibres:<\/strong> 10\/12\/14\/16\/18\/20\/22\/24\/26\/28\/30\/32<\/p>\n<\/li>\n<li>\n<p><strong>Peso neto: <\/strong>4 kg y 10 kg por caja \/ 10 kg por bandeja de pl\u00e1stico.<\/p>\n<\/li>\n<li>\n<p><strong>Cajas \/ Pallet:<\/strong> 264<\/p>\n<\/li>\n<li>\n<p><strong>Pallets \/Contenedor:<\/strong> 20<\/p>\n<\/li>\n<li>\n<p><strong>Bandejas de pl\u00e1stico \/ Contenedor:<\/strong> 2080<\/p>\n<\/li>\n<li>\n<p><strong>Pallets \/Termo King:<\/strong> 24<\/p>\n<\/li>\n<\/ul>\n\t\t\n<style>\n#text-1437047307 {\n  font-size: 1rem;\n  line-height: 1;\n  text-align: left;\n}\n<\/style>\n\t<\/div>\n\t\n\t<div id=\"gap-2081806225\" class=\"gap-element clearfix\" style=\"display:block; height:auto;\">\n\t\t\n<style>\n#gap-2081806225 {\n  padding-top: 30px;\n}\n<\/style>\n\t<\/div>\n\t\n\t<div id=\"text-430383831\" class=\"text mbzero\">\n\t\t\n<h4>Temporada<\/h4>\n\t\t\n<style>\n#text-430383831 {\n  font-size: 1rem;\n  color: #89c161;\n}\n#text-430383831 > * {\n  color: #89c161;\n}\n<\/style>\n\t<\/div>\n\t\n<div class=\"is-divider divider clearfix\" style=\"margin-top:0.3em;margin-bottom:0.3em;\"><\/div>\n<ul class=\"alt-font\">\n<li><strong>Hass &#8211;<\/strong>\u00a0 Marzo a junio<\/li>\n<li><strong>Fuerte &#8211;\u00a0 <\/strong>Noviembre\u00a0a marzo<\/li>\n<\/ul>\n\t<div id=\"gap-1175196922\" class=\"gap-element clearfix\" style=\"display:block; height:auto;\">\n\t\t\n<style>\n#gap-1175196922 {\n  padding-top: 30px;\n}\n<\/style>\n\t<\/div>\n\t\n\t<div id=\"text-492026928\" class=\"text mbzero\">\n\t\t\n<h4>Pa\u00edses de destino<\/h4>\n\t\t\n<style>\n#text-492026928 {\n  font-size: 1rem;\n  color: #89c161;\n}\n#text-492026928 > * {\n  color: #89c161;\n}\n<\/style>\n\t<\/div>\n\t\n<div class=\"is-divider divider clearfix\" style=\"margin-top:0.3em;margin-bottom:0.3em;\"><\/div>\n<p>Europa, Rusia, Chile, China, Ucrania<\/p>\n\t<div id=\"gap-2006137267\" class=\"gap-element clearfix\" style=\"display:block; height:auto;\">\n\t\t\n<style>\n#gap-2006137267 {\n  padding-top: 30px;\n}\n<\/style>\n\t<\/div>\n\t\n\t<div id=\"text-2171941506\" class=\"text mbzero\">\n\t\t\n<h4>Certificaciones<\/h4>\n\t\t\n<style>\n#text-2171941506 {\n  font-size: 1rem;\n  color: #89c161;\n}\n#text-2171941506 > * {\n  color: #89c161;\n}\n<\/style>\n\t<\/div>\n\t\n<div class=\"is-divider divider clearfix\" style=\"margin-top:0.3em;margin-bottom:0.3em;\"><\/div>\n\t<div id=\"gap-1639662921\" class=\"gap-element clearfix\" style=\"display:block; height:auto;\">\n\t\t\n<style>\n#gap-1639662921 {\n  padding-top: 30px;\n}\n<\/style>\n\t<\/div>\n\t\n<div class=\"row\"  id=\"row-1681897418\">\n\n\t<div id=\"col-779252609\" class=\"col small-12 large-12\"  >\n\t\t<div class=\"col-inner text-left\"  >\n\t\t\t\n\t\t\t\n<div class=\"ux-logo has-hover align-middle ux_logo inline-block\" style=\"max-width: 100%!important; width: 197.04px!important\"><div class=\"ux-logo-link block image-\" title=\"\"  href=\"\" style=\"padding: 15px;\"><img decoding=\"async\" src=\"https:\/\/efructifera.com\/es\/wp-content\/uploads\/2021\/05\/globalgap.png\" title=\"\" alt=\"\" class=\"ux-logo-image block\" style=\"height:72px;\" \/><\/div><\/div>\n\t\t<\/div>\n\t\t\t<\/div>\n\n\t\n<\/div>\n\t\t<\/div>\n\t\t\n<style>\n#col-1593969233 > .col-inner {\n  padding: 0px 0px 0 0px;\n}\n<\/style>\n\t<\/div>\n\n\t\n\n<style>\n#row-162253786 > .col > .col-inner {\n  padding: 30px 30px 25px 30px;\n}\n<\/style>\n<\/div>\n\t\t<\/div>\n\t\t\n<style>\n#col-2081099476 > .col-inner {\n  padding: 0px 0px 0 0px;\n  margin: 0px 0px 0 0px;\n}\n<\/style>\n\t<\/div>\n\n\t\n\n<style>\n#row-501272917 > .col > .col-inner {\n  padding: 0px 0px 0 0px;\n}\n<\/style>\n<\/div>\n\t\t<\/div>\n\n\t\t\n<style>\n#section_759029089 {\n  padding-top: 79px;\n  padding-bottom: 79px;\n}\n<\/style>\n\t<\/section>\n\t\n","protected":false},"excerpt":{"rendered":"","protected":false},"author":1,"featured_media":0,"parent":0,"menu_order":0,"comment_status":"closed","ping_status":"closed","template":"page-blank.php","meta":{"ngg_post_thumbnail":0,"footnotes":""},"class_list":["post-1015","page","type-page","status-publish","hentry"],"jetpack_sharing_enabled":true,"_links":{"self":[{"href":"https:\/\/efructifera.com\/es\/wp-json\/wp\/v2\/pages\/1015","targetHints":{"allow":["GET"]}}],"collection":[{"href":"https:\/\/efructifera.com\/es\/wp-json\/wp\/v2\/pages"}],"about":[{"href":"https:\/\/efructifera.com\/es\/wp-json\/wp\/v2\/types\/page"}],"author":[{"embeddable":true,"href":"https:\/\/efructifera.com\/es\/wp-json\/wp\/v2\/users\/1"}],"replies":[{"embeddable":true,"href":"https:\/\/efructifera.com\/es\/wp-json\/wp\/v2\/comments?post=1015"}],"version-history":[{"count":6,"href":"https:\/\/efructifera.com\/es\/wp-json\/wp\/v2\/pages\/1015\/revisions"}],"predecessor-version":[{"id":1369,"href":"https:\/\/efructifera.com\/es\/wp-json\/wp\/v2\/pages\/1015\/revisions\/1369"}],"wp:attachment":[{"href":"https:\/\/efructifera.com\/es\/wp-json\/wp\/v2\/media?parent=1015"}],"curies":[{"name":"wp","href":"https:\/\/api.w.org\/{rel}","templated":true}]}}